{"id":216,"date":"2019-10-19T10:36:38","date_gmt":"2019-10-19T08:36:38","guid":{"rendered":"http:\/\/azetama.fr\/?page_id=216"},"modified":"2024-02-02T11:02:55","modified_gmt":"2024-02-02T09:02:55","slug":"a-propos","status":"publish","type":"page","link":"https:\/\/azetama.fr\/en\/a-propos\/","title":{"rendered":"ABOUT"},"content":{"rendered":"<div data-elementor-type=\"wp-page\" data-elementor-id=\"216\" class=\"elementor elementor-216\">\n\t\t\t\t\t\t<section class=\"elementor-section elementor-top-section elementor-element elementor-element-1dc06b2 elementor-section-boxed elementor-section-height-default elementor-section-height-default\" data-id=\"1dc06b2\" data-element_type=\"section\" data-e-type=\"section\">\n\t\t\t\t\t\t<div class=\"elementor-container elementor-column-gap-default\">\n\t\t\t\t\t<div class=\"elementor-column elementor-col-100 elementor-top-column elementor-element elementor-element-221574b\" data-id=\"221574b\" data-element_type=\"column\" data-e-type=\"column\">\n\t\t\t<div class=\"elementor-widget-wrap elementor-element-populated\">\n\t\t\t\t\t\t<section class=\"elementor-section elementor-inner-section elementor-element elementor-element-d549689 elementor-section-boxed elementor-section-height-default elementor-section-height-default\" data-id=\"d549689\" data-element_type=\"section\" data-e-type=\"section\">\n\t\t\t\t\t\t<div class=\"elementor-container elementor-column-gap-default\">\n\t\t\t\t\t<div class=\"elementor-column elementor-col-50 elementor-inner-column elementor-element elementor-element-251ef96\" data-id=\"251ef96\" data-element_type=\"column\" data-e-type=\"column\">\n\t\t\t<div class=\"elementor-widget-wrap elementor-element-populated\">\n\t\t\t\t\t\t<div class=\"elementor-element elementor-element-0172a03 elementor-widget__width-initial elementor-widget elementor-widget-image\" data-id=\"0172a03\" data-element_type=\"widget\" data-e-type=\"widget\" data-widget_type=\"image.default\">\n\t\t\t\t<div class=\"elementor-widget-container\">\n\t\t\t\t\t\t\t\t\t\t\t\t\t\t\t<img fetchpriority=\"high\" decoding=\"async\" width=\"819\" height=\"1024\" src=\"https:\/\/i0.wp.com\/azetama.fr\/wp-content\/uploads\/2024\/01\/096B660E-43CA-4D3B-9AC7-16D68F590410.jpeg?fit=819%2C1024&amp;ssl=1\" class=\"attachment-large size-large wp-image-6921\" alt=\"\" srcset=\"https:\/\/i0.wp.com\/azetama.fr\/wp-content\/uploads\/2024\/01\/096B660E-43CA-4D3B-9AC7-16D68F590410.jpeg?w=1440&amp;ssl=1 1440w, https:\/\/i0.wp.com\/azetama.fr\/wp-content\/uploads\/2024\/01\/096B660E-43CA-4D3B-9AC7-16D68F590410.jpeg?resize=240%2C300&amp;ssl=1 240w, https:\/\/i0.wp.com\/azetama.fr\/wp-content\/uploads\/2024\/01\/096B660E-43CA-4D3B-9AC7-16D68F590410.jpeg?resize=819%2C1024&amp;ssl=1 819w, https:\/\/i0.wp.com\/azetama.fr\/wp-content\/uploads\/2024\/01\/096B660E-43CA-4D3B-9AC7-16D68F590410.jpeg?resize=768%2C960&amp;ssl=1 768w, https:\/\/i0.wp.com\/azetama.fr\/wp-content\/uploads\/2024\/01\/096B660E-43CA-4D3B-9AC7-16D68F590410.jpeg?resize=1229%2C1536&amp;ssl=1 1229w, https:\/\/i0.wp.com\/azetama.fr\/wp-content\/uploads\/2024\/01\/096B660E-43CA-4D3B-9AC7-16D68F590410.jpeg?resize=10%2C12&amp;ssl=1 10w, https:\/\/i0.wp.com\/azetama.fr\/wp-content\/uploads\/2024\/01\/096B660E-43CA-4D3B-9AC7-16D68F590410.jpeg?resize=58%2C72&amp;ssl=1 58w, https:\/\/i0.wp.com\/azetama.fr\/wp-content\/uploads\/2024\/01\/096B660E-43CA-4D3B-9AC7-16D68F590410.jpeg?resize=555%2C694&amp;ssl=1 555w\" sizes=\"(max-width: 819px) 100vw, 819px\" \/>\t\t\t\t\t\t\t\t\t\t\t\t\t\t\t<\/div>\n\t\t\t\t<\/div>\n\t\t\t\t<div class=\"elementor-element elementor-element-91190b1 elementor-widget elementor-widget-spacer\" data-id=\"91190b1\" data-element_type=\"widget\" data-e-type=\"widget\" data-widget_type=\"spacer.default\">\n\t\t\t\t<div class=\"elementor-widget-container\">\n\t\t\t\t\t\t\t<div class=\"elementor-spacer\">\n\t\t\t<div class=\"elementor-spacer-inner\"><\/div>\n\t\t<\/div>\n\t\t\t\t\t\t<\/div>\n\t\t\t\t<\/div>\n\t\t\t\t\t<\/div>\n\t\t<\/div>\n\t\t\t\t<div class=\"elementor-column elementor-col-50 elementor-inner-column elementor-element elementor-element-0178d5e\" data-id=\"0178d5e\" data-element_type=\"column\" data-e-type=\"column\">\n\t\t\t<div class=\"elementor-widget-wrap elementor-element-populated\">\n\t\t\t\t\t\t<div class=\"elementor-element elementor-element-88829ea elementor-widget elementor-widget-heading\" data-id=\"88829ea\" data-element_type=\"widget\" data-e-type=\"widget\" data-widget_type=\"heading.default\">\n\t\t\t\t<div class=\"elementor-widget-container\">\n\t\t\t\t\t<h2 class=\"elementor-heading-title elementor-size-default\">I sit in my workshop to give life to singular, living, intimate objects...<\/h2>\t\t\t\t<\/div>\n\t\t\t\t<\/div>\n\t\t\t\t<div class=\"elementor-element elementor-element-f52d60d elementor-widget elementor-widget-text-editor\" data-id=\"f52d60d\" data-element_type=\"widget\" data-e-type=\"widget\" data-widget_type=\"text-editor.default\">\n\t\t\t\t<div class=\"elementor-widget-container\">\n\t\t\t\t\t\t\t\t\t<blockquote><p>For 6 years now, I have been living this passion that drives me: working with metal, giving it a shape, making it tell a subjective story, an intimate journey that belongs only to the viewer and the wearer.<\/p><\/blockquote><p>My thirst for creativity of course contributed to experimenting with this practice.<span class=\"Apple-converted-space\">\u00a0<\/span><\/p><p>As a diligent self-taught person, I was interested in different jewelry techniques ranging from the forging of small volumes using the \u201crepouss\u00e9\u201d method, including engraving\/chasing, gilding<span class=\"Apple-converted-space\">\u00a0 <\/span>or the design of complex mechanisms (clasps, joints of parts, riveting, etc.)<\/p><p>Over the years, my practice has allowed me to refine my artistic sense. My creations can be very eclectic and always seek to infuse a sacred, talismanic feeling. A kind of celebration of life through an object worn.<span class=\"Apple-converted-space\">\u00a0<\/span><\/p><p>I mainly work with Silver and Brass. I recycle Silver in my Workshop and I make verified use of Silver purchased shaped, wherever possible. The precious or semi\/precious stones in my creations are always selected from sources.<\/p><p>Gilding by the Japanese \u201cKeum-boo\u201d method is sometimes mixed with some of my creations. Other materials such as copper, mother-of-pearl, wood and other objects are sometimes incorporated into my projects\u2026<\/p><p>My work is meticulous and applied. I aspire to create some unique object with robust and refined finishes allowing to share a lifetime with its wearer and their descendants. A jewel that will continue to tell a story of time.<\/p>\t\t\t\t\t\t\t\t<\/div>\n\t\t\t\t<\/div>\n\t\t\t\t\t<\/div>\n\t\t<\/div>\n\t\t\t\t\t<\/div>\n\t\t<\/section>\n\t\t\t\t\t<\/div>\n\t\t<\/div>\n\t\t\t\t\t<\/div>\n\t\t<\/section>\n\t\t\t\t<section class=\"elementor-section elementor-top-section elementor-element elementor-element-c3803e2 elementor-section-boxed elementor-section-height-default elementor-section-height-default\" data-id=\"c3803e2\" data-element_type=\"section\" data-e-type=\"section\">\n\t\t\t\t\t\t<div class=\"elementor-container elementor-column-gap-default\">\n\t\t\t\t\t<div class=\"elementor-column elementor-col-100 elementor-top-column elementor-element elementor-element-141a978\" data-id=\"141a978\" data-element_type=\"column\" data-e-type=\"column\">\n\t\t\t<div class=\"elementor-widget-wrap elementor-element-populated\">\n\t\t\t\t\t\t<div class=\"elementor-element elementor-element-8b98c28 elementor-widget elementor-widget-heading\" data-id=\"8b98c28\" data-element_type=\"widget\" data-e-type=\"widget\" data-widget_type=\"heading.default\">\n\t\t\t\t<div class=\"elementor-widget-container\">\n\t\t\t\t\t<h2 class=\"elementor-heading-title elementor-size-default\">Imagine, Draw, Cut, Grind, Engrave, File, Sculpt, Melt, Polish, Crimp, Model, Hammer, Form, Weld, Play!...<\/h2>\t\t\t\t<\/div>\n\t\t\t\t<\/div>\n\t\t\t\t<div class=\"elementor-element elementor-element-4ed277c elementor-widget elementor-widget-spacer\" data-id=\"4ed277c\" data-element_type=\"widget\" data-e-type=\"widget\" data-widget_type=\"spacer.default\">\n\t\t\t\t<div class=\"elementor-widget-container\">\n\t\t\t\t\t\t\t<div class=\"elementor-spacer\">\n\t\t\t<div class=\"elementor-spacer-inner\"><\/div>\n\t\t<\/div>\n\t\t\t\t\t\t<\/div>\n\t\t\t\t<\/div>\n\t\t\t\t\t<\/div>\n\t\t<\/div>\n\t\t\t\t\t<\/div>\n\t\t<\/section>\n\t\t\t\t<section class=\"elementor-section elementor-top-section elementor-element elementor-element-6ff34c8 elementor-section-boxed elementor-section-height-default elementor-section-height-default\" data-id=\"6ff34c8\" data-element_type=\"section\" data-e-type=\"section\">\n\t\t\t\t\t\t<div class=\"elementor-container elementor-column-gap-default\">\n\t\t\t\t\t<div class=\"elementor-column elementor-col-100 elementor-top-column elementor-element elementor-element-79607c9\" data-id=\"79607c9\" data-element_type=\"column\" data-e-type=\"column\">\n\t\t\t<div class=\"elementor-widget-wrap elementor-element-populated\">\n\t\t\t\t\t\t<section class=\"elementor-section elementor-inner-section elementor-element elementor-element-b5ec299 elementor-section-boxed elementor-section-height-default elementor-section-height-default\" data-id=\"b5ec299\" data-element_type=\"section\" data-e-type=\"section\">\n\t\t\t\t\t\t<div class=\"elementor-container elementor-column-gap-default\">\n\t\t\t\t\t<div class=\"elementor-column elementor-col-100 elementor-inner-column elementor-element elementor-element-3af1ca6\" data-id=\"3af1ca6\" data-element_type=\"column\" data-e-type=\"column\">\n\t\t\t<div class=\"elementor-widget-wrap elementor-element-populated\">\n\t\t\t\t\t\t<div class=\"elementor-element elementor-element-96af6e3 elementor-arrows-position-outside elementor-widget__width-initial elementor-pagination-position-outside elementor-widget elementor-widget-image-carousel\" data-id=\"96af6e3\" data-element_type=\"widget\" data-e-type=\"widget\" data-settings=\"{&quot;slides_to_show&quot;:&quot;2&quot;,&quot;navigation&quot;:&quot;both&quot;,&quot;autoplay&quot;:&quot;yes&quot;,&quot;pause_on_hover&quot;:&quot;yes&quot;,&quot;pause_on_interaction&quot;:&quot;yes&quot;,&quot;autoplay_speed&quot;:5000,&quot;infinite&quot;:&quot;yes&quot;,&quot;speed&quot;:500}\" data-widget_type=\"image-carousel.default\">\n\t\t\t\t<div class=\"elementor-widget-container\">\n\t\t\t\t\t\t\t<div class=\"elementor-image-carousel-wrapper swiper\" role=\"region\" aria-roledescription=\"carousel\" aria-label=\"Carrousel d\u2019images\" dir=\"ltr\">\n\t\t\t<div class=\"elementor-image-carousel swiper-wrapper\" aria-live=\"off\">\n\t\t\t\t\t\t\t\t<div class=\"swiper-slide\" role=\"group\" aria-roledescription=\"slide\" aria-label=\"1 sur 16\"><figure class=\"swiper-slide-inner\"><img decoding=\"async\" class=\"swiper-slide-image\" src=\"https:\/\/i0.wp.com\/azetama.fr\/wp-content\/uploads\/2024\/01\/17F1FCE7-1A6C-495B-9B8F-D1E14DA87D65.jpeg?fit=819%2C1024&amp;ssl=1\" alt=\"17F1FCE7-1A6C-495B-9B8F-D1E14DA87D65\" \/><\/figure><\/div><div class=\"swiper-slide\" role=\"group\" aria-roledescription=\"slide\" aria-label=\"2 sur 16\"><figure class=\"swiper-slide-inner\"><img decoding=\"async\" class=\"swiper-slide-image\" src=\"https:\/\/i0.wp.com\/azetama.fr\/wp-content\/uploads\/2024\/01\/IMG_5640-scaled.jpeg?fit=819%2C1024&amp;ssl=1\" alt=\"IMG_5640\" \/><\/figure><\/div><div class=\"swiper-slide\" role=\"group\" aria-roledescription=\"slide\" aria-label=\"3 sur 16\"><figure class=\"swiper-slide-inner\"><img decoding=\"async\" class=\"swiper-slide-image\" src=\"https:\/\/i0.wp.com\/azetama.fr\/wp-content\/uploads\/2024\/01\/7B873DC0-D960-4868-9C5A-838C5CF4E0DF.jpeg?fit=819%2C1024&amp;ssl=1\" alt=\"7B873DC0-D960-4868-9C5A-838C5CF4E0DF\" \/><\/figure><\/div><div class=\"swiper-slide\" role=\"group\" aria-roledescription=\"slide\" aria-label=\"4 sur 16\"><figure class=\"swiper-slide-inner\"><img decoding=\"async\" class=\"swiper-slide-image\" src=\"https:\/\/i0.wp.com\/azetama.fr\/wp-content\/uploads\/2024\/01\/IMG_5642-scaled.jpeg?fit=819%2C1024&amp;ssl=1\" alt=\"IMG_5642\" \/><\/figure><\/div><div class=\"swiper-slide\" role=\"group\" aria-roledescription=\"slide\" aria-label=\"5 sur 16\"><figure class=\"swiper-slide-inner\"><img decoding=\"async\" class=\"swiper-slide-image\" src=\"https:\/\/i0.wp.com\/azetama.fr\/wp-content\/uploads\/2024\/01\/IMG_5655-scaled.jpeg?fit=819%2C1024&amp;ssl=1\" alt=\"IMG_5655\" \/><\/figure><\/div><div class=\"swiper-slide\" role=\"group\" aria-roledescription=\"slide\" aria-label=\"6 sur 16\"><figure class=\"swiper-slide-inner\"><img decoding=\"async\" class=\"swiper-slide-image\" src=\"https:\/\/i0.wp.com\/azetama.fr\/wp-content\/uploads\/2024\/01\/F4A1D2AB-AE37-4255-A99D-62168620B9BF.jpeg?fit=819%2C1024&amp;ssl=1\" alt=\"F4A1D2AB-AE37-4255-A99D-62168620B9BF\" \/><\/figure><\/div><div class=\"swiper-slide\" role=\"group\" aria-roledescription=\"slide\" aria-label=\"7 sur 16\"><figure class=\"swiper-slide-inner\"><img decoding=\"async\" class=\"swiper-slide-image\" src=\"https:\/\/i0.wp.com\/azetama.fr\/wp-content\/uploads\/2024\/01\/IMG_5645.jpeg?fit=819%2C1024&amp;ssl=1\" alt=\"IMG_5645\" \/><\/figure><\/div><div class=\"swiper-slide\" role=\"group\" aria-roledescription=\"slide\" aria-label=\"8 sur 16\"><figure class=\"swiper-slide-inner\"><img decoding=\"async\" class=\"swiper-slide-image\" src=\"https:\/\/i0.wp.com\/azetama.fr\/wp-content\/uploads\/2024\/01\/DF1D8A78-E963-48B3-93FF-147C50800088.jpeg?fit=819%2C1024&amp;ssl=1\" alt=\"DF1D8A78-E963-48B3-93FF-147C50800088\" \/><\/figure><\/div><div class=\"swiper-slide\" role=\"group\" aria-roledescription=\"slide\" aria-label=\"9 sur 16\"><figure class=\"swiper-slide-inner\"><img decoding=\"async\" class=\"swiper-slide-image\" src=\"https:\/\/i0.wp.com\/azetama.fr\/wp-content\/uploads\/2024\/01\/IMG_5649-scaled.jpeg?fit=819%2C1024&amp;ssl=1\" alt=\"IMG_5649\" \/><\/figure><\/div><div class=\"swiper-slide\" role=\"group\" aria-roledescription=\"slide\" aria-label=\"10 sur 16\"><figure class=\"swiper-slide-inner\"><img decoding=\"async\" class=\"swiper-slide-image\" src=\"https:\/\/i0.wp.com\/azetama.fr\/wp-content\/uploads\/2024\/01\/IMG_5662-scaled.jpeg?fit=819%2C1024&amp;ssl=1\" alt=\"IMG_5662\" \/><\/figure><\/div><div class=\"swiper-slide\" role=\"group\" aria-roledescription=\"slide\" aria-label=\"11 sur 16\"><figure class=\"swiper-slide-inner\"><img decoding=\"async\" class=\"swiper-slide-image\" src=\"https:\/\/i0.wp.com\/azetama.fr\/wp-content\/uploads\/2024\/01\/IMG_5658.jpeg?fit=819%2C1024&amp;ssl=1\" alt=\"IMG_5658\" \/><\/figure><\/div><div class=\"swiper-slide\" role=\"group\" aria-roledescription=\"slide\" aria-label=\"12 sur 16\"><figure class=\"swiper-slide-inner\"><img decoding=\"async\" class=\"swiper-slide-image\" src=\"https:\/\/i0.wp.com\/azetama.fr\/wp-content\/uploads\/2024\/01\/DB22F3B4-555C-4D3F-9CAC-4F13D86DEE12.jpeg?fit=819%2C1024&amp;ssl=1\" alt=\"DB22F3B4-555C-4D3F-9CAC-4F13D86DEE12\" \/><\/figure><\/div><div class=\"swiper-slide\" role=\"group\" aria-roledescription=\"slide\" aria-label=\"13 sur 16\"><figure class=\"swiper-slide-inner\"><img decoding=\"async\" class=\"swiper-slide-image\" src=\"https:\/\/i0.wp.com\/azetama.fr\/wp-content\/uploads\/2024\/01\/IMG_5664-scaled.jpeg?fit=819%2C1024&amp;ssl=1\" alt=\"IMG_5664\" \/><\/figure><\/div><div class=\"swiper-slide\" role=\"group\" aria-roledescription=\"slide\" aria-label=\"14 sur 16\"><figure class=\"swiper-slide-inner\"><img decoding=\"async\" class=\"swiper-slide-image\" src=\"https:\/\/i0.wp.com\/azetama.fr\/wp-content\/uploads\/2024\/01\/IMG_5661-scaled.jpeg?fit=819%2C1024&amp;ssl=1\" alt=\"IMG_5661\" \/><\/figure><\/div><div class=\"swiper-slide\" role=\"group\" aria-roledescription=\"slide\" aria-label=\"15 sur 16\"><figure class=\"swiper-slide-inner\"><img decoding=\"async\" class=\"swiper-slide-image\" src=\"https:\/\/i0.wp.com\/azetama.fr\/wp-content\/uploads\/2024\/01\/IMG_5647-scaled.jpeg?fit=819%2C1024&amp;ssl=1\" alt=\"IMG_5647\" \/><\/figure><\/div><div class=\"swiper-slide\" role=\"group\" aria-roledescription=\"slide\" aria-label=\"16 sur 16\"><figure class=\"swiper-slide-inner\"><img decoding=\"async\" class=\"swiper-slide-image\" src=\"https:\/\/i0.wp.com\/azetama.fr\/wp-content\/uploads\/2024\/01\/IMG_5660-scaled.jpeg?fit=819%2C1024&amp;ssl=1\" alt=\"IMG_5660\" \/><\/figure><\/div>\t\t\t<\/div>\n\t\t\t\t\t\t\t\t\t\t\t\t<div class=\"elementor-swiper-button elementor-swiper-button-prev\" role=\"button\" tabindex=\"0\">\n\t\t\t\t\t\t<i aria-hidden=\"true\" class=\"eicon-chevron-left\"><\/i>\t\t\t\t\t<\/div>\n\t\t\t\t\t<div class=\"elementor-swiper-button elementor-swiper-button-next\" role=\"button\" tabindex=\"0\">\n\t\t\t\t\t\t<i aria-hidden=\"true\" class=\"eicon-chevron-right\"><\/i>\t\t\t\t\t<\/div>\n\t\t\t\t\n\t\t\t\t\t\t\t\t\t<div class=\"swiper-pagination\"><\/div>\n\t\t\t\t\t\t\t\t\t<\/div>\n\t\t\t\t\t\t<\/div>\n\t\t\t\t<\/div>\n\t\t\t\t<div class=\"elementor-element elementor-element-27d0436 elementor-widget__width-initial elementor-widget elementor-widget-text-editor\" data-id=\"27d0436\" data-element_type=\"widget\" data-e-type=\"widget\" data-widget_type=\"text-editor.default\">\n\t\t\t\t<div class=\"elementor-widget-container\">\n\t\t\t\t\t\t\t\t\t<p><span style=\"color: #ffffff;\">To Know different techniques, create your own techniques,\u00a0understand some physics and understand the elements. And above all, never stop learning... The tools are the collaborators and sometimes they improvise. They are inspiring Friends. The workshop is a place of experiences and challenges. The place for a fantastic adventure\u2026<\/span><br><font color=\"#ffffff\">Here, to work comfortably, everything is within reach. The place is small but my Workshop is extremely functional. It is a place where the Ideas explored are&nbsp;<span style=\"caret-color: rgb(255, 255, 255);\">m\u00e9tamorphosent<\/span>&nbsp;moving from thought to solidity. A magical place where there is a never-end spontaneous birth.&nbsp;<span style=\"caret-color: rgb(255, 255, 255);\">..<\/span><\/font><\/p>\t\t\t\t\t\t\t\t<\/div>\n\t\t\t\t<\/div>\n\t\t\t\t\t<\/div>\n\t\t<\/div>\n\t\t\t\t\t<\/div>\n\t\t<\/section>\n\t\t\t\t\t<\/div>\n\t\t<\/div>\n\t\t\t\t\t<\/div>\n\t\t<\/section>\n\t\t\t\t<\/div>","protected":false},"excerpt":{"rendered":"<p>Je m\u2019installe \u00e0 mon atelier pour donner vie a des objets singuliers, vivants, intimes\u2026 Depuis maintenant 6 ans, je vie cette passion qui m\u2019anime : travailler le m\u00e9tal, lui donner une forme, lui faire raconter une histoire\u00a0subjective, un voyage intime qui n\u2019appartiens qu\u2019au\u00a0spectateur et au porteur. Ma soif de cr\u00e9ativit\u00e9 a bien-s\u00fbr contribu\u00e9 \u00e0 exp\u00e9rimenter [&hellip;]<\/p>\n","protected":false},"author":1,"featured_media":0,"parent":0,"menu_order":0,"comment_status":"closed","ping_status":"closed","template":"template-fullwidth.php","meta":{"footnotes":""},"class_list":["post-216","page","type-page","status-publish","hentry"],"jetpack_sharing_enabled":true,"_links":{"self":[{"href":"https:\/\/azetama.fr\/en\/wp-json\/wp\/v2\/pages\/216","targetHints":{"allow":["GET"]}}],"collection":[{"href":"https:\/\/azetama.fr\/en\/wp-json\/wp\/v2\/pages"}],"about":[{"href":"https:\/\/azetama.fr\/en\/wp-json\/wp\/v2\/types\/page"}],"author":[{"embeddable":true,"href":"https:\/\/azetama.fr\/en\/wp-json\/wp\/v2\/users\/1"}],"replies":[{"embeddable":true,"href":"https:\/\/azetama.fr\/en\/wp-json\/wp\/v2\/comments?post=216"}],"version-history":[{"count":81,"href":"https:\/\/azetama.fr\/en\/wp-json\/wp\/v2\/pages\/216\/revisions"}],"predecessor-version":[{"id":7060,"href":"https:\/\/azetama.fr\/en\/wp-json\/wp\/v2\/pages\/216\/revisions\/7060"}],"wp:attachment":[{"href":"https:\/\/azetama.fr\/en\/wp-json\/wp\/v2\/media?parent=216"}],"curies":[{"name":"wp","href":"https:\/\/api.w.org\/{rel}","templated":true}]}}