{"id":218,"date":"2019-10-19T10:36:38","date_gmt":"2019-10-19T10:36:38","guid":{"rendered":"http:\/\/azetama.fr\/?page_id=218"},"modified":"2025-06-02T16:31:58","modified_gmt":"2025-06-02T14:31:58","slug":"contact","status":"publish","type":"page","link":"https:\/\/azetama.fr\/en\/contact\/","title":{"rendered":"Contact"},"content":{"rendered":"\t\t<div data-elementor-type=\"wp-page\" data-elementor-id=\"218\" class=\"elementor elementor-218\">\n\t\t\t\t\t\t<section class=\"elementor-section elementor-top-section elementor-element elementor-element-146e499 elementor-section-boxed elementor-section-height-default elementor-section-height-default\" data-id=\"146e499\" data-element_type=\"section\" data-e-type=\"section\">\n\t\t\t\t\t\t<div class=\"elementor-container elementor-column-gap-default\">\n\t\t\t\t\t<div class=\"elementor-column elementor-col-100 elementor-top-column elementor-element elementor-element-1e96578\" data-id=\"1e96578\" data-element_type=\"column\" data-e-type=\"column\">\n\t\t\t<div class=\"elementor-widget-wrap elementor-element-populated\">\n\t\t\t\t\t\t<div class=\"elementor-element elementor-element-e145644 elementor-widget elementor-widget-text-editor\" data-id=\"e145644\" data-element_type=\"widget\" data-e-type=\"widget\" data-widget_type=\"text-editor.default\">\n\t\t\t\t<div class=\"elementor-widget-container\">\n\t\t\t\t\t\t\t\t\t<p><span style=\"font-family: arial, helvetica, sans-serif; color: #ffffff;\">Vous pouvez me contacter par ce formulaire pour poser vos questions ou laisser un commentaire. Vous pouvez \u00e9galement consulter ma page\u00a0<\/span><a href=\"http:\/\/www.azetama.fr\/f.a.q\" target=\"_blank\" rel=\"noopener\">FAQ<\/a><span style=\"color: #ffffff; font-family: arial, helvetica, sans-serif;\"><span style=\"caret-color: #ffffff;\">\u00a0pour trouver quelques r\u00e9ponses \u00e0 vos interrogations.<\/span><\/span><\/p>\t\t\t\t\t\t\t\t<\/div>\n\t\t\t\t<\/div>\n\t\t\t\t\t<\/div>\n\t\t<\/div>\n\t\t\t\t\t<\/div>\n\t\t<\/section>\n\t\t\t\t<section class=\"elementor-section elementor-top-section elementor-element elementor-element-9a3f8b0 elementor-section-boxed elementor-section-height-default elementor-section-height-default\" data-id=\"9a3f8b0\" data-element_type=\"section\" data-e-type=\"section\">\n\t\t\t\t\t\t<div class=\"elementor-container elementor-column-gap-default\">\n\t\t\t\t\t<div class=\"elementor-column elementor-col-100 elementor-top-column elementor-element elementor-element-fc3ba8b\" data-id=\"fc3ba8b\" data-element_type=\"column\" data-e-type=\"column\">\n\t\t\t<div class=\"elementor-widget-wrap elementor-element-populated\">\n\t\t\t\t\t\t<div class=\"elementor-element elementor-element-6abe034 elementor-widget elementor-widget-content_form_contact\" data-id=\"6abe034\" data-element_type=\"widget\" data-e-type=\"widget\" data-widget_type=\"content_form_contact.default\">\n\t\t\t\t<div class=\"elementor-widget-container\">\n\t\t\t\t\t<form action=\"https:\/\/azetama.fr\/wp-admin\/admin-post.php\" method=\"post\" name=\"content-form-6abe034\" id=\"content-form-6abe034\" class=\"ti-cf-module content-form content-form-contact content_form_contact\"><input type=\"hidden\" id=\"_wpnonce_contact\" name=\"_wpnonce_contact\" value=\"f42b216bd1\" \/><input type=\"hidden\" name=\"_wp_http_referer\" value=\"\/contact\/\" \/><input type=\"hidden\" name=\"action\" value=\"content_form_submit\" \/><input type=\"hidden\" name=\"form-type\" value=\"contact\" \/><input type=\"hidden\" name=\"form-builder\" value=\"elementor\" \/><input type=\"hidden\" name=\"post-id\" value=\"218\" \/><input type=\"hidden\" name=\"form-id\" value=\"6abe034\" \/><fieldset class=&quot;content-form-field-text elementor-column elementor-col-100&quot;><label for=\"data[6abe034][name]\" >Nom<span class=\"required-mark\"> *<\/span><\/label><input type=\"text\" name=\"data[6abe034][name]\" id=\"data[6abe034][name]\" required=required  placeholder=\"\"><\/fieldset><fieldset class=&quot;content-form-field-text elementor-column elementor-col-100&quot;><label for=\"data[6abe034][name]\" >Pr\u00e9nom<span class=\"required-mark\"> *<\/span><\/label><input type=\"text\" name=\"data[6abe034][name]\" id=\"data[6abe034][name]\" required=required  placeholder=\"\"><\/fieldset><fieldset class=&quot;content-form-field-email elementor-column elementor-col-100&quot;><label for=\"data[6abe034][email]\" >Email<span class=\"required-mark\"> *<\/span><\/label><input type=\"text\" name=\"data[6abe034][email]\" id=\"data[6abe034][email]\" required=required  placeholder=\"\"><\/fieldset><fieldset class=&quot;content-form-field-number elementor-column elementor-col-100&quot;><label for=\"data[6abe034][phone]\" >T\u00e9l\u00e9phone<span class=\"required-mark\"> *<\/span><\/label><input type=\"text\" name=\"data[6abe034][phone]\" id=\"data[6abe034][phone]\" required=required  placeholder=\"\"><\/fieldset><fieldset class=&quot;content-form-field-textarea elementor-column elementor-col-100&quot;><label for=\"data[6abe034][message]\" >Message<span class=\"required-mark\"> *<\/span><\/label><textarea name=\"data[6abe034][message]\" id=\"data[6abe034][message]\"  required=required placeholder=\"\" cols=\"30\" rows=\"5\"><\/textarea><\/fieldset><fieldset class=\"submit-form contact\"><button type=\"submit\" name=\"submit\"  value=\"submit-contact-6abe034\" class=\"\">Envoyer<\/button><\/fieldset><\/form>\t\t\t\t<\/div>\n\t\t\t\t<\/div>\n\t\t\t\t\t<\/div>\n\t\t<\/div>\n\t\t\t\t\t<\/div>\n\t\t<\/section>\n\t\t\t\t<\/div>\n\t\t","protected":false},"excerpt":{"rendered":"<p>Vous pouvez me contacter par ce formulaire pour poser vos questions ou laisser un commentaire. Vous pouvez \u00e9galement consulter ma page\u00a0FAQ\u00a0pour trouver quelques r\u00e9ponses \u00e0 vos interrogations. Nom * Pr\u00e9nom * Email * T\u00e9l\u00e9phone * Message * Envoyer<\/p>","protected":false},"author":1,"featured_media":0,"parent":0,"menu_order":0,"comment_status":"closed","ping_status":"closed","template":"","meta":{"footnotes":""},"class_list":["post-218","page","type-page","status-publish","hentry"],"jetpack_sharing_enabled":true,"_links":{"self":[{"href":"https:\/\/azetama.fr\/en\/wp-json\/wp\/v2\/pages\/218","targetHints":{"allow":["GET"]}}],"collection":[{"href":"https:\/\/azetama.fr\/en\/wp-json\/wp\/v2\/pages"}],"about":[{"href":"https:\/\/azetama.fr\/en\/wp-json\/wp\/v2\/types\/page"}],"author":[{"embeddable":true,"href":"https:\/\/azetama.fr\/en\/wp-json\/wp\/v2\/users\/1"}],"replies":[{"embeddable":true,"href":"https:\/\/azetama.fr\/en\/wp-json\/wp\/v2\/comments?post=218"}],"version-history":[{"count":15,"href":"https:\/\/azetama.fr\/en\/wp-json\/wp\/v2\/pages\/218\/revisions"}],"predecessor-version":[{"id":7036,"href":"https:\/\/azetama.fr\/en\/wp-json\/wp\/v2\/pages\/218\/revisions\/7036"}],"wp:attachment":[{"href":"https:\/\/azetama.fr\/en\/wp-json\/wp\/v2\/media?parent=218"}],"curies":[{"name":"wp","href":"https:\/\/api.w.org\/{rel}","templated":true}]}}