{"id":219,"date":"2019-10-19T10:36:38","date_gmt":"2019-10-19T10:36:38","guid":{"rendered":"http:\/\/azetama.fr\/?page_id=219"},"modified":"2024-08-29T17:48:53","modified_gmt":"2024-08-29T15:48:53","slug":"cgv","status":"publish","type":"page","link":"https:\/\/azetama.fr\/en\/cgv\/","title":{"rendered":"General Terms and Conditions"},"content":{"rendered":"<div data-elementor-type=\"wp-page\" data-elementor-id=\"219\" class=\"elementor elementor-219\">\n\t\t\t\t\t\t<section class=\"elementor-section elementor-top-section elementor-element elementor-element-94458d6 elementor-section-boxed elementor-section-height-default elementor-section-height-default\" data-id=\"94458d6\" data-element_type=\"section\" data-e-type=\"section\">\n\t\t\t\t\t\t<div class=\"elementor-container elementor-column-gap-default\">\n\t\t\t\t\t<div class=\"elementor-column elementor-col-100 elementor-top-column elementor-element elementor-element-97b0313\" data-id=\"97b0313\" data-element_type=\"column\" data-e-type=\"column\">\n\t\t\t<div class=\"elementor-widget-wrap elementor-element-populated\">\n\t\t\t\t\t\t<div class=\"elementor-element elementor-element-6407b9a elementor-widget elementor-widget-heading\" data-id=\"6407b9a\" data-element_type=\"widget\" data-e-type=\"widget\" data-widget_type=\"heading.default\">\n\t\t\t\t<div class=\"elementor-widget-container\">\n\t\t\t\t\t<h1 class=\"elementor-heading-title elementor-size-default\">Legal Notices and General Terms and Conditions<\/h1>\t\t\t\t<\/div>\n\t\t\t\t<\/div>\n\t\t\t\t<div class=\"elementor-element elementor-element-ae9356c elementor-widget elementor-widget-spacer\" data-id=\"ae9356c\" data-element_type=\"widget\" data-e-type=\"widget\" data-widget_type=\"spacer.default\">\n\t\t\t\t<div class=\"elementor-widget-container\">\n\t\t\t\t\t\t\t<div class=\"elementor-spacer\">\n\t\t\t<div class=\"elementor-spacer-inner\"><\/div>\n\t\t<\/div>\n\t\t\t\t\t\t<\/div>\n\t\t\t\t<\/div>\n\t\t\t\t<div class=\"elementor-element elementor-element-4b793e7 elementor-widget elementor-widget-text-editor\" data-id=\"4b793e7\" data-element_type=\"widget\" data-e-type=\"widget\" data-widget_type=\"text-editor.default\">\n\t\t\t\t<div class=\"elementor-widget-container\">\n\t\t\t\t\t\t\t\t\t<h6><span style=\"font-family: arial, helvetica, sans-serif; font-size: small; color: #ffffff;\">This is my Terms and Conditions page. See also this page <a style=\"color: #ffffff;\" href=\"https:\/\/azetama.fr\/en\/f.a.q\/\">FAQ<\/a> For any additional information do not hesitate to send me a message via my contact form!<\/span><\/h6>\t\t\t\t\t\t\t\t<\/div>\n\t\t\t\t<\/div>\n\t\t\t\t<div class=\"elementor-element elementor-element-e430508 elementor-widget elementor-widget-heading\" data-id=\"e430508\" data-element_type=\"widget\" data-e-type=\"widget\" data-widget_type=\"heading.default\">\n\t\t\t\t<div class=\"elementor-widget-container\">\n\t\t\t\t\t<h3 class=\"elementor-heading-title elementor-size-default\">Legal Notices<\/h3>\t\t\t\t<\/div>\n\t\t\t\t<\/div>\n\t\t\t\t<div class=\"elementor-element elementor-element-dc30b04 elementor-widget elementor-widget-spacer\" data-id=\"dc30b04\" data-element_type=\"widget\" data-e-type=\"widget\" data-widget_type=\"spacer.default\">\n\t\t\t\t<div class=\"elementor-widget-container\">\n\t\t\t\t\t\t\t<div class=\"elementor-spacer\">\n\t\t\t<div class=\"elementor-spacer-inner\"><\/div>\n\t\t<\/div>\n\t\t\t\t\t\t<\/div>\n\t\t\t\t<\/div>\n\t\t\t\t<div class=\"elementor-element elementor-element-37cdc6a elementor-widget elementor-widget-text-editor\" data-id=\"37cdc6a\" data-element_type=\"widget\" data-e-type=\"widget\" data-widget_type=\"text-editor.default\">\n\t\t\t\t<div class=\"elementor-widget-container\">\n\t\t\t\t\t\t\t\t\t<h6><span style=\"font-family: arial, helvetica, sans-serif; font-size: 10pt; color: #ffffff;\">These general conditions of sale apply to items sold on the site azetama.fr\u00a0<span style=\"caret-color: #ffffff;\">edited and published by the self-employed company Azetama, administered and represented by its manager Amanda ZIMMERMANN. Commercial register registration N\u00b0 492 796 073 00038<\/span><\/span><\/h6>\t\t\t\t\t\t\t\t<\/div>\n\t\t\t\t<\/div>\n\t\t\t\t<div class=\"elementor-element elementor-element-e14cd8e elementor-widget elementor-widget-spacer\" data-id=\"e14cd8e\" data-element_type=\"widget\" data-e-type=\"widget\" data-widget_type=\"spacer.default\">\n\t\t\t\t<div class=\"elementor-widget-container\">\n\t\t\t\t\t\t\t<div class=\"elementor-spacer\">\n\t\t\t<div class=\"elementor-spacer-inner\"><\/div>\n\t\t<\/div>\n\t\t\t\t\t\t<\/div>\n\t\t\t\t<\/div>\n\t\t\t\t<div class=\"elementor-element elementor-element-41561ec elementor-widget elementor-widget-heading\" data-id=\"41561ec\" data-element_type=\"widget\" data-e-type=\"widget\" data-widget_type=\"heading.default\">\n\t\t\t\t<div class=\"elementor-widget-container\">\n\t\t\t\t\t<h3 class=\"elementor-heading-title elementor-size-default\">Headquarters and Workshop:<\/h3>\t\t\t\t<\/div>\n\t\t\t\t<\/div>\n\t\t\t\t<div class=\"elementor-element elementor-element-b7d8aec elementor-widget elementor-widget-text-editor\" data-id=\"b7d8aec\" data-element_type=\"widget\" data-e-type=\"widget\" data-widget_type=\"text-editor.default\">\n\t\t\t\t<div class=\"elementor-widget-container\">\n\t\t\t\t\t\t\t\t\t<p><span style=\"color: #ffffff;\">10 Rue Etienne Forest\u00a0<\/span><br \/><span style=\"color: #ffffff;\">38000 Grenoble<\/span><br \/><span style=\"color: #ffffff;\">France<\/span><\/p>\t\t\t\t\t\t\t\t<\/div>\n\t\t\t\t<\/div>\n\t\t\t\t<div class=\"elementor-element elementor-element-ca1d245 elementor-widget elementor-widget-spacer\" data-id=\"ca1d245\" data-element_type=\"widget\" data-e-type=\"widget\" data-widget_type=\"spacer.default\">\n\t\t\t\t<div class=\"elementor-widget-container\">\n\t\t\t\t\t\t\t<div class=\"elementor-spacer\">\n\t\t\t<div class=\"elementor-spacer-inner\"><\/div>\n\t\t<\/div>\n\t\t\t\t\t\t<\/div>\n\t\t\t\t<\/div>\n\t\t\t\t<div class=\"elementor-element elementor-element-b3f69c8 elementor-widget elementor-widget-heading\" data-id=\"b3f69c8\" data-element_type=\"widget\" data-e-type=\"widget\" data-widget_type=\"heading.default\">\n\t\t\t\t<div class=\"elementor-widget-container\">\n\t\t\t\t\t<h3 class=\"elementor-heading-title elementor-size-default\">Processing time: <\/h3>\t\t\t\t<\/div>\n\t\t\t\t<\/div>\n\t\t\t\t<div class=\"elementor-element elementor-element-b190a69 elementor-widget elementor-widget-text-editor\" data-id=\"b190a69\" data-element_type=\"widget\" data-e-type=\"widget\" data-widget_type=\"text-editor.default\">\n\t\t\t\t<div class=\"elementor-widget-container\">\n\t\t\t\t\t\t\t\t\t<p><span style=\"color: #ffffff;\">Orders are processed in a timely manner. Please ask me the current waiting time before buying, if you are concerned. Send me a message, before a purchase, if you have a time constraint (ex: birthday) and I will do my best to accommodate you.<\/span><\/p>\t\t\t\t\t\t\t\t<\/div>\n\t\t\t\t<\/div>\n\t\t\t\t<div class=\"elementor-element elementor-element-aae8b16 elementor-widget elementor-widget-spacer\" data-id=\"aae8b16\" data-element_type=\"widget\" data-e-type=\"widget\" data-widget_type=\"spacer.default\">\n\t\t\t\t<div class=\"elementor-widget-container\">\n\t\t\t\t\t\t\t<div class=\"elementor-spacer\">\n\t\t\t<div class=\"elementor-spacer-inner\"><\/div>\n\t\t<\/div>\n\t\t\t\t\t\t<\/div>\n\t\t\t\t<\/div>\n\t\t\t\t<div class=\"elementor-element elementor-element-931a5d1 elementor-widget elementor-widget-heading\" data-id=\"931a5d1\" data-element_type=\"widget\" data-e-type=\"widget\" data-widget_type=\"heading.default\">\n\t\t\t\t<div class=\"elementor-widget-container\">\n\t\t\t\t\t<h3 class=\"elementor-heading-title elementor-size-default\">Returns and Exchanges:<\/h3>\t\t\t\t<\/div>\n\t\t\t\t<\/div>\n\t\t\t\t<div class=\"elementor-element elementor-element-6923f30 elementor-widget elementor-widget-text-editor\" data-id=\"6923f30\" data-element_type=\"widget\" data-e-type=\"widget\" data-widget_type=\"text-editor.default\">\n\t\t\t\t<div class=\"elementor-widget-container\">\n\t\t\t\t\t\t\t\t\t<p><span style=\"color: #ffffff;\">All sales are final. I describe my creations accurately to provide the best idea of \u200b\u200bwhat is purchased. On each list, I ask the customer to become familiar with the rules of the shop to avoid any problem. Online trading involves a responsibility of both parties.<\/span><\/p><p><span style=\"color: #ffffff;\">J\u2019accepte les \u00e9changes mais pas les retours. Contactez-moi sous 7 jours apr\u00e8s la livraison.<br \/><br \/>Le client dispose de 14 jours \u00e0 compter de la date de livraison pour retourner, \u00e0 ses frais, le produit neuf, inutilis\u00e9 et en parfait \u00e9tat de revente dans son emballage d\u2019origine pour remplacement. Le retour ne sera accept\u00e9 que si le produit n\u2019a pas \u00e9t\u00e9 utilis\u00e9. Tout retour devra \u00eatre pr\u00e9c\u00e9d\u00e9 de l\u2019accord pr\u00e9alable de Azetama par mail. Les retours doivent imp\u00e9rativement \u00eatre adress\u00e9s \u00e0 : Azetama, 10 Rue Etienne Forest, 38000 GRENOBLE<br \/><br \/>Les \u00e9changes ne peuvent \u00eatre fait qu&rsquo;avec des pi\u00e8ces d\u00e9j\u00e0 existante de ma boutique. Les pi\u00e8ces sur commande ne sont donc pas concern\u00e9es pour les \u00e9changes.<br \/>Les frais de port de renvoi, et les \u00e9ventuelles differences de tarifs li\u00e9s \u00e0 un \u00e9change, seront \u00e0 la charge du client.<\/span><\/p>\t\t\t\t\t\t\t\t<\/div>\n\t\t\t\t<\/div>\n\t\t\t\t<div class=\"elementor-element elementor-element-80ebb0e elementor-widget elementor-widget-spacer\" data-id=\"80ebb0e\" data-element_type=\"widget\" data-e-type=\"widget\" data-widget_type=\"spacer.default\">\n\t\t\t\t<div class=\"elementor-widget-container\">\n\t\t\t\t\t\t\t<div class=\"elementor-spacer\">\n\t\t\t<div class=\"elementor-spacer-inner\"><\/div>\n\t\t<\/div>\n\t\t\t\t\t\t<\/div>\n\t\t\t\t<\/div>\n\t\t\t\t<div class=\"elementor-element elementor-element-0cc6325 elementor-widget elementor-widget-heading\" data-id=\"0cc6325\" data-element_type=\"widget\" data-e-type=\"widget\" data-widget_type=\"heading.default\">\n\t\t\t\t<div class=\"elementor-widget-container\">\n\t\t\t\t\t<h3 class=\"elementor-heading-title elementor-size-default\">Shipping: <\/h3>\t\t\t\t<\/div>\n\t\t\t\t<\/div>\n\t\t\t\t<div class=\"elementor-element elementor-element-90bd074 elementor-widget elementor-widget-text-editor\" data-id=\"90bd074\" data-element_type=\"widget\" data-e-type=\"widget\" data-widget_type=\"text-editor.default\">\n\t\t\t\t<div class=\"elementor-widget-container\">\n\t\t\t\t\t\t\t\t\t<p><span style=\"color: #ffffff;\">Delivery of orders is ensured by La Poste Fran\u00e7aise. It will be sent by Colissimo with tracking, or international registered mail. The package contains the products ordered and the invoice. Average delivery times are 48 hours to 72 hours in France and 7 to 14 days internationally, from the time the package is picked up by \"La Poste\".\u00a0<\/span><\/p><p><span style=\"color: #ffffff;\">I undertake to prepare any order received within 3 working days following order confirmation. The carrier undertakes by contract to deliver the order to the buyer\u2019s address. In addition, for deliveries outside mainland France, the customer undertakes to pay all taxes due on the importation of products, customs duty, value added tax, and all other taxes due under the laws of country of receipt of the order.\u00a0<\/span><\/p><p><span style=\"color: #ffffff;\">All orders placed on Azetama.fr are intended for the personal use of customers, customers or recipients of the products prohibit any partial or total resale of the products. I cannot be held responsible for failure to pay the taxes for which the customer is required to pay. The customer is required to check the condition of the products upon receipt. In the event of damage, he must precisely mention his reservations on the delivery note, and inform me by email or telephone with the description of any damage due to transport within eight (8) days following receipt. No complaints will be accepted in the event of non-compliance with these formalities.\u00a0<span style=\"caret-color: #ffffff;\">I\u00a0<\/span>will, in any event, be released from its obligation to deliver in the event of non-performance by the customer of one of its obligations (payment of the price, accuracy of information communicated by the customer such as the delivery address, etc.)<\/span><\/p>\t\t\t\t\t\t\t\t<\/div>\n\t\t\t\t<\/div>\n\t\t\t\t<div class=\"elementor-element elementor-element-8429bb1 elementor-widget elementor-widget-spacer\" data-id=\"8429bb1\" data-element_type=\"widget\" data-e-type=\"widget\" data-widget_type=\"spacer.default\">\n\t\t\t\t<div class=\"elementor-widget-container\">\n\t\t\t\t\t\t\t<div class=\"elementor-spacer\">\n\t\t\t<div class=\"elementor-spacer-inner\"><\/div>\n\t\t<\/div>\n\t\t\t\t\t\t<\/div>\n\t\t\t\t<\/div>\n\t\t\t\t<div class=\"elementor-element elementor-element-996a1f2 elementor-widget elementor-widget-heading\" data-id=\"996a1f2\" data-element_type=\"widget\" data-e-type=\"widget\" data-widget_type=\"heading.default\">\n\t\t\t\t<div class=\"elementor-widget-container\">\n\t\t\t\t\t<h3 class=\"elementor-heading-title elementor-size-default\">Order Tracking: <\/h3>\t\t\t\t<\/div>\n\t\t\t\t<\/div>\n\t\t\t\t<div class=\"elementor-element elementor-element-bb36b6b elementor-widget elementor-widget-text-editor\" data-id=\"bb36b6b\" data-element_type=\"widget\" data-e-type=\"widget\" data-widget_type=\"text-editor.default\">\n\t\t\t\t<div class=\"elementor-widget-container\">\n\t\t\t\t\t\t\t\t\t<p><span style=\"color: #ffffff;\">Once your order has been shipped, you will receive an email with your tracking number. Tracking information will be available within 24-72 hours.<\/span><\/p>\t\t\t\t\t\t\t\t<\/div>\n\t\t\t\t<\/div>\n\t\t\t\t<div class=\"elementor-element elementor-element-e47ae67 elementor-widget elementor-widget-spacer\" data-id=\"e47ae67\" data-element_type=\"widget\" data-e-type=\"widget\" data-widget_type=\"spacer.default\">\n\t\t\t\t<div class=\"elementor-widget-container\">\n\t\t\t\t\t\t\t<div class=\"elementor-spacer\">\n\t\t\t<div class=\"elementor-spacer-inner\"><\/div>\n\t\t<\/div>\n\t\t\t\t\t\t<\/div>\n\t\t\t\t<\/div>\n\t\t\t\t<div class=\"elementor-element elementor-element-d3d5e49 elementor-widget elementor-widget-heading\" data-id=\"d3d5e49\" data-element_type=\"widget\" data-e-type=\"widget\" data-widget_type=\"heading.default\">\n\t\t\t\t<div class=\"elementor-widget-container\">\n\t\t\t\t\t<h3 class=\"elementor-heading-title elementor-size-default\">Customs and import taxes :<\/h3>\t\t\t\t<\/div>\n\t\t\t\t<\/div>\n\t\t\t\t<div class=\"elementor-element elementor-element-0cfc21f elementor-widget elementor-widget-text-editor\" data-id=\"0cfc21f\" data-element_type=\"widget\" data-e-type=\"widget\" data-widget_type=\"text-editor.default\">\n\t\t\t\t<div class=\"elementor-widget-container\">\n\t\t\t\t\t\t\t\t\t<p><span style=\"color: #ffffff;\">Any customs and import taxes are the responsibility of the buyers. I am not responsible for delays caused by customs.<\/span><\/p>\t\t\t\t\t\t\t\t<\/div>\n\t\t\t\t<\/div>\n\t\t\t\t<div class=\"elementor-element elementor-element-03f5cb1 elementor-widget elementor-widget-spacer\" data-id=\"03f5cb1\" data-element_type=\"widget\" data-e-type=\"widget\" data-widget_type=\"spacer.default\">\n\t\t\t\t<div class=\"elementor-widget-container\">\n\t\t\t\t\t\t\t<div class=\"elementor-spacer\">\n\t\t\t<div class=\"elementor-spacer-inner\"><\/div>\n\t\t<\/div>\n\t\t\t\t\t\t<\/div>\n\t\t\t\t<\/div>\n\t\t\t\t<div class=\"elementor-element elementor-element-671d4b2 elementor-widget elementor-widget-heading\" data-id=\"671d4b2\" data-element_type=\"widget\" data-e-type=\"widget\" data-widget_type=\"heading.default\">\n\t\t\t\t<div class=\"elementor-widget-container\">\n\t\t\t\t\t<h3 class=\"elementor-heading-title elementor-size-default\">Intellectual property:<\/h3>\t\t\t\t<\/div>\n\t\t\t\t<\/div>\n\t\t\t\t<div class=\"elementor-element elementor-element-e0bcb05 elementor-widget elementor-widget-text-editor\" data-id=\"e0bcb05\" data-element_type=\"widget\" data-e-type=\"widget\" data-widget_type=\"text-editor.default\">\n\t\t\t\t<div class=\"elementor-widget-container\">\n\t\t\t\t\t\t\t\t\t<p><span style=\"color: #ffffff;\">Any total or partial representation of the products, texts or visuals of this site without the prior authorization of Azetama is prohibited and would constitute an infringement punishable by articles L335-2 et seq. of the intellectual property code.<\/span><\/p>\t\t\t\t\t\t\t\t<\/div>\n\t\t\t\t<\/div>\n\t\t\t\t<div class=\"elementor-element elementor-element-4a57631 elementor-widget elementor-widget-spacer\" data-id=\"4a57631\" data-element_type=\"widget\" data-e-type=\"widget\" data-widget_type=\"spacer.default\">\n\t\t\t\t<div class=\"elementor-widget-container\">\n\t\t\t\t\t\t\t<div class=\"elementor-spacer\">\n\t\t\t<div class=\"elementor-spacer-inner\"><\/div>\n\t\t<\/div>\n\t\t\t\t\t\t<\/div>\n\t\t\t\t<\/div>\n\t\t\t\t<div class=\"elementor-element elementor-element-eebea8f elementor-widget elementor-widget-heading\" data-id=\"eebea8f\" data-element_type=\"widget\" data-e-type=\"widget\" data-widget_type=\"heading.default\">\n\t\t\t\t<div class=\"elementor-widget-container\">\n\t\t\t\t\t<h3 class=\"elementor-heading-title elementor-size-default\">Data management policy: <\/h3>\t\t\t\t<\/div>\n\t\t\t\t<\/div>\n\t\t\t\t<div class=\"elementor-element elementor-element-7b121df elementor-widget elementor-widget-text-editor\" data-id=\"7b121df\" data-element_type=\"widget\" data-e-type=\"widget\" data-widget_type=\"text-editor.default\">\n\t\t\t\t<div class=\"elementor-widget-container\">\n\t\t\t\t\t\t\t\t\t<p><span style=\"color: #ffffff;\">Azetama company, represented by Amanda Zimmermann, undertakes to treat the personal data communicated by the customer in complete confidentiality and to use them only for the processing of his order and the monitoring of commercial relations.<span lang=\"fr-FR\" xml:lang=\"fr-FR\">In accordance with the french law \"Informatique et Libert\u00e9s\" n \u00b0 78-17 of 06\/01\/1978\u00a0<\/span><span lang=\"fr-FR\" xml:lang=\"fr-FR\">modified in 2004, the buyer will have with the Seller a right of access, interrogation, modification, rectification and deletion of his personal data.<\/span><span lang=\"fr-FR\" xml:lang=\"fr-FR\">The buyer may at any time request to exercise this right:\u00a0<\/span>Either by sending the seller a postal letter to the following address: Azetama, 10 Rue Etienne Forest 38000 GRENOBLE. Either by contacting the seller via this <a style=\"color: #ffffff;\" href=\"https:\/\/azetama.fr\/en\/contact\/\">Contact form<\/a><\/span><\/p><p><span style=\"color: #ffffff;\"><strong>Thank you for reading the terms and conditions<\/strong><strong>.<\/strong><\/span><\/p>\t\t\t\t\t\t\t\t<\/div>\n\t\t\t\t<\/div>\n\t\t\t\t\t<\/div>\n\t\t<\/div>\n\t\t\t\t\t<\/div>\n\t\t<\/section>\n\t\t\t\t<\/div>","protected":false},"excerpt":{"rendered":"<p>Mentions L\u00e9gales et Conditions g\u00e9n\u00e9rales de vente Ceci est ma page de conditions g\u00e9n\u00e9rales de Vente. Voyez aussi cette page FAQ pour toutes informations\u00a0suppl\u00e9mentaires\u00a0n&rsquo;h\u00e9siter pas \u00e0 m&rsquo;envoyer un message via\u00a0mon formulaire de contact! Merci Mentions l\u00e9gales Les pr\u00e9sentes conditions g\u00e9n\u00e9rales de vente s&rsquo;appliquent aux articles vendus sur le site azetama.fr\u00a0\u00e9dit\u00e9 et publi\u00e9 par l&rsquo;auto-entreprise Azetama, [&hellip;]<\/p>\n","protected":false},"author":1,"featured_media":0,"parent":0,"menu_order":0,"comment_status":"closed","ping_status":"closed","template":"","meta":{"footnotes":""},"class_list":["post-219","page","type-page","status-publish","hentry"],"jetpack_sharing_enabled":true,"_links":{"self":[{"href":"https:\/\/azetama.fr\/en\/wp-json\/wp\/v2\/pages\/219","targetHints":{"allow":["GET"]}}],"collection":[{"href":"https:\/\/azetama.fr\/en\/wp-json\/wp\/v2\/pages"}],"about":[{"href":"https:\/\/azetama.fr\/en\/wp-json\/wp\/v2\/types\/page"}],"author":[{"embeddable":true,"href":"https:\/\/azetama.fr\/en\/wp-json\/wp\/v2\/users\/1"}],"replies":[{"embeddable":true,"href":"https:\/\/azetama.fr\/en\/wp-json\/wp\/v2\/comments?post=219"}],"version-history":[{"count":45,"href":"https:\/\/azetama.fr\/en\/wp-json\/wp\/v2\/pages\/219\/revisions"}],"predecessor-version":[{"id":8202,"href":"https:\/\/azetama.fr\/en\/wp-json\/wp\/v2\/pages\/219\/revisions\/8202"}],"wp:attachment":[{"href":"https:\/\/azetama.fr\/en\/wp-json\/wp\/v2\/media?parent=219"}],"curies":[{"name":"wp","href":"https:\/\/api.w.org\/{rel}","templated":true}]}}