{"id":4,"date":"2019-10-19T07:45:08","date_gmt":"2019-10-19T07:45:08","guid":{"rendered":"http:\/\/azetama.fr\/bienvenue-sur-http-azetama-fr"},"modified":"2019-10-20T10:46:35","modified_gmt":"2019-10-20T10:46:35","slug":"tout-est-poesie","status":"publish","type":"page","link":"https:\/\/azetama.fr\/en\/","title":{"rendered":"Tout est po\u00e9sie&#8230;"},"content":{"rendered":"<p><strong>L<\/strong>es cr\u00e9ations Azetama s\u00b4inspirent de&#8230;<\/p>\n\n\n\n<p><strong>D<\/strong>es traditions ancestrales et tribales, berceaux de tous les arts et de notre expression contemporaine.<\/p>\n\n\n\n<p><strong>D<\/strong>e l\u00b4art des civilisations anciennes pour la qualit\u00e9 et la simplicit\u00e9 de leurs repr\u00e9sentations culturelles, la richesse de leur message..<\/p>\n\n\n\n<p><strong>D<\/strong>es volumes des sculptures, des masques et les repr\u00e9sentations iconiques ou religieuses (africaines, m\u00e9lan\u00e9siennes et asiatiques), leur m\u00e9lange de subjectif et d&rsquo;imaginaire.<\/p>\n\n\n\n<p><strong>D<\/strong>e la vari\u00e9t\u00e9 de l\u00b4environnement tropical naturel pour son abondance et ses couleurs, pour la chaleur qu\u00b4elle apporte.<\/p>\n\n\n\n<p><strong>D<\/strong>e la c\u00e9l\u00e9bration, comme une entit\u00e9 qui peut faire na\u00eetre une imagination infinie dans la cr\u00e9ation gr\u00e2ce \u00e0 son universalit\u00e9, sa coutume et la notion de partage de culture qu\u00b4elle d\u00e9gage.<\/p>\n\n\n\n<p><strong>D<\/strong>u Sacr\u00e9<strong>, d<\/strong>e l&rsquo;<strong>A<\/strong>mour&#8230;<\/p>","protected":false},"excerpt":{"rendered":"<p>Les cr\u00e9ations Azetama s\u00b4inspirent de&#8230; Des traditions ancestrales et tribales, berceaux de tous les arts et de notre expression contemporaine. De l\u00b4art des civilisations anciennes pour la qualit\u00e9 et la simplicit\u00e9 de leurs repr\u00e9sentations culturelles, la richesse de leur message.. Des volumes des sculptures, des masques et les repr\u00e9sentations iconiques ou religieuses (africaines, m\u00e9lan\u00e9siennes et [&hellip;]<\/p>\n","protected":false},"author":1,"featured_media":184,"parent":0,"menu_order":0,"comment_status":"closed","ping_status":"closed","template":"","meta":{"footnotes":""},"class_list":["post-4","page","type-page","status-publish","has-post-thumbnail","hentry"],"jetpack_sharing_enabled":true,"_links":{"self":[{"href":"https:\/\/azetama.fr\/en\/wp-json\/wp\/v2\/pages\/4","targetHints":{"allow":["GET"]}}],"collection":[{"href":"https:\/\/azetama.fr\/en\/wp-json\/wp\/v2\/pages"}],"about":[{"href":"https:\/\/azetama.fr\/en\/wp-json\/wp\/v2\/types\/page"}],"author":[{"embeddable":true,"href":"https:\/\/azetama.fr\/en\/wp-json\/wp\/v2\/users\/1"}],"replies":[{"embeddable":true,"href":"https:\/\/azetama.fr\/en\/wp-json\/wp\/v2\/comments?post=4"}],"version-history":[{"count":2,"href":"https:\/\/azetama.fr\/en\/wp-json\/wp\/v2\/pages\/4\/revisions"}],"predecessor-version":[{"id":358,"href":"https:\/\/azetama.fr\/en\/wp-json\/wp\/v2\/pages\/4\/revisions\/358"}],"wp:featuredmedia":[{"embeddable":true,"href":"https:\/\/azetama.fr\/en\/wp-json\/wp\/v2\/media\/184"}],"wp:attachment":[{"href":"https:\/\/azetama.fr\/en\/wp-json\/wp\/v2\/media?parent=4"}],"curies":[{"name":"wp","href":"https:\/\/api.w.org\/{rel}","templated":true}]}}