{"id":4445,"date":"2021-06-20T13:26:01","date_gmt":"2021-06-20T11:26:01","guid":{"rendered":"https:\/\/azetama.fr\/?post_type=product&#038;p=4445"},"modified":"2023-06-23T08:40:31","modified_gmt":"2023-06-23T06:40:31","slug":"florallocket","status":"publish","type":"product","link":"https:\/\/azetama.fr\/en\/product\/florallocket\/","title":{"rendered":"\u3030\ufe0f Floral Locket \u3030\ufe0f"},"content":{"rendered":"<div data-elementor-type=\"wp-post\" data-elementor-id=\"4445\" class=\"elementor elementor-4445\">\n\t\t\t\t\t\t<section class=\"elementor-section elementor-top-section elementor-element elementor-element-48fb86cd elementor-section-boxed elementor-section-height-default elementor-section-height-default\" data-id=\"48fb86cd\" data-element_type=\"section\" data-e-type=\"section\">\n\t\t\t\t\t\t<div class=\"elementor-container elementor-column-gap-default\">\n\t\t\t\t\t<div class=\"elementor-column elementor-col-100 elementor-top-column elementor-element elementor-element-445f8491\" data-id=\"445f8491\" data-element_type=\"column\" data-e-type=\"column\">\n\t\t\t<div class=\"elementor-widget-wrap elementor-element-populated\">\n\t\t\t\t\t\t<div class=\"elementor-element elementor-element-4a0d024 elementor-arrows-position-inside elementor-pagination-position-outside elementor-widget elementor-widget-image-carousel\" data-id=\"4a0d024\" data-element_type=\"widget\" data-e-type=\"widget\" data-settings=\"{&quot;slides_to_show&quot;:&quot;2&quot;,&quot;navigation&quot;:&quot;both&quot;,&quot;autoplay&quot;:&quot;yes&quot;,&quot;pause_on_hover&quot;:&quot;yes&quot;,&quot;pause_on_interaction&quot;:&quot;yes&quot;,&quot;autoplay_speed&quot;:5000,&quot;infinite&quot;:&quot;yes&quot;,&quot;speed&quot;:500}\" data-widget_type=\"image-carousel.default\">\n\t\t\t\t<div class=\"elementor-widget-container\">\n\t\t\t\t\t\t\t<div class=\"elementor-image-carousel-wrapper swiper\" role=\"region\" aria-roledescription=\"carousel\" aria-label=\"Carrousel d\u2019images\" dir=\"ltr\">\n\t\t\t<div class=\"elementor-image-carousel swiper-wrapper\" aria-live=\"off\">\n\t\t\t\t\t\t\t\t<div class=\"swiper-slide\" role=\"group\" aria-roledescription=\"slide\" aria-label=\"1 sur 8\"><figure class=\"swiper-slide-inner\"><img decoding=\"async\" class=\"swiper-slide-image\" src=\"https:\/\/i0.wp.com\/azetama.fr\/wp-content\/uploads\/2022\/04\/C57852AC-FEA3-4719-A7D8-5D357DDAEE93.jpeg?fit=768%2C960&amp;ssl=1\" alt=\"C57852AC-FEA3-4719-A7D8-5D357DDAEE93\" \/><\/figure><\/div><div class=\"swiper-slide\" role=\"group\" aria-roledescription=\"slide\" aria-label=\"2 sur 8\"><figure class=\"swiper-slide-inner\"><img decoding=\"async\" class=\"swiper-slide-image\" src=\"https:\/\/i0.wp.com\/azetama.fr\/wp-content\/uploads\/2022\/04\/02F017E4-856F-479B-A25C-3698BA63A47F.jpeg?fit=768%2C960&amp;ssl=1\" alt=\"02F017E4-856F-479B-A25C-3698BA63A47F\" \/><\/figure><\/div><div class=\"swiper-slide\" role=\"group\" aria-roledescription=\"slide\" aria-label=\"3 sur 8\"><figure class=\"swiper-slide-inner\"><img decoding=\"async\" class=\"swiper-slide-image\" src=\"https:\/\/i0.wp.com\/azetama.fr\/wp-content\/uploads\/2022\/04\/A213DA3C-5D89-4E42-A995-23141C3AF4E8.jpeg?fit=768%2C960&amp;ssl=1\" alt=\"A213DA3C-5D89-4E42-A995-23141C3AF4E8\" \/><\/figure><\/div><div class=\"swiper-slide\" role=\"group\" aria-roledescription=\"slide\" aria-label=\"4 sur 8\"><figure class=\"swiper-slide-inner\"><img decoding=\"async\" class=\"swiper-slide-image\" src=\"https:\/\/i0.wp.com\/azetama.fr\/wp-content\/uploads\/2022\/04\/9575FC53-0B92-4DC7-B526-4AAB5DA381BA.jpeg?fit=768%2C960&amp;ssl=1\" alt=\"9575FC53-0B92-4DC7-B526-4AAB5DA381BA\" \/><\/figure><\/div><div class=\"swiper-slide\" role=\"group\" aria-roledescription=\"slide\" aria-label=\"5 sur 8\"><figure class=\"swiper-slide-inner\"><img decoding=\"async\" class=\"swiper-slide-image\" src=\"https:\/\/i0.wp.com\/azetama.fr\/wp-content\/uploads\/2022\/04\/B8C674A7-CDDD-4DAF-BAD0-C29CA8D095AF.jpeg?fit=768%2C960&amp;ssl=1\" alt=\"B8C674A7-CDDD-4DAF-BAD0-C29CA8D095AF\" \/><\/figure><\/div><div class=\"swiper-slide\" role=\"group\" aria-roledescription=\"slide\" aria-label=\"6 sur 8\"><figure class=\"swiper-slide-inner\"><img decoding=\"async\" class=\"swiper-slide-image\" src=\"https:\/\/i0.wp.com\/azetama.fr\/wp-content\/uploads\/2022\/04\/529F1E61-286A-4006-A0ED-31F907DFBFD1-scaled.jpeg?fit=768%2C1024&amp;ssl=1\" alt=\"529F1E61-286A-4006-A0ED-31F907DFBFD1\" \/><\/figure><\/div><div class=\"swiper-slide\" role=\"group\" aria-roledescription=\"slide\" aria-label=\"7 sur 8\"><figure class=\"swiper-slide-inner\"><img decoding=\"async\" class=\"swiper-slide-image\" src=\"https:\/\/i0.wp.com\/azetama.fr\/wp-content\/uploads\/2022\/04\/7FF13F55-7CE0-4989-A335-95FA78A19684-scaled.jpeg?fit=768%2C1024&amp;ssl=1\" alt=\"7FF13F55-7CE0-4989-A335-95FA78A19684\" \/><\/figure><\/div><div class=\"swiper-slide\" role=\"group\" aria-roledescription=\"slide\" aria-label=\"8 sur 8\"><figure class=\"swiper-slide-inner\"><img decoding=\"async\" class=\"swiper-slide-image\" src=\"https:\/\/i0.wp.com\/azetama.fr\/wp-content\/uploads\/2022\/04\/AF6B18D1-1782-47FE-B059-B5E30BD31D32-scaled.jpeg?fit=768%2C1024&amp;ssl=1\" alt=\"AF6B18D1-1782-47FE-B059-B5E30BD31D32\" \/><\/figure><\/div>\t\t\t<\/div>\n\t\t\t\t\t\t\t\t\t\t\t\t<div class=\"elementor-swiper-button elementor-swiper-button-prev\" role=\"button\" tabindex=\"0\">\n\t\t\t\t\t\t<i aria-hidden=\"true\" class=\"eicon-chevron-left\"><\/i>\t\t\t\t\t<\/div>\n\t\t\t\t\t<div class=\"elementor-swiper-button elementor-swiper-button-next\" role=\"button\" tabindex=\"0\">\n\t\t\t\t\t\t<i aria-hidden=\"true\" class=\"eicon-chevron-right\"><\/i>\t\t\t\t\t<\/div>\n\t\t\t\t\n\t\t\t\t\t\t\t\t\t<div class=\"swiper-pagination\"><\/div>\n\t\t\t\t\t\t\t\t\t<\/div>\n\t\t\t\t\t\t<\/div>\n\t\t\t\t<\/div>\n\t\t\t\t\t<\/div>\n\t\t<\/div>\n\t\t\t\t\t<\/div>\n\t\t<\/section>\n\t\t\t\t<\/div>","protected":false},"excerpt":{"rendered":"<p>Pendentif boite grav\u00e9e main motifs floraux en Argent 925<\/p>\n<p>Ce Pendentif a \u00e9t\u00e9 r\u00e9alis\u00e9e de mani\u00e8re artisanale. Il est grav\u00e9 \u00e0 la main. Il contient un recipient en verre qui pourra accueillir plusieurs usages et qui peut \u00eatre retir\u00e9 facilement\u2026 L\u2019ouverture et sont Clapet sont robustes et, bien soign\u00e9, il fera chemin \u00e0 travers plusieurs g\u00e9n\u00e9rations. C\u2019est un bijou unique qui ne sera pas reproduit. Vous pouvez d\u00e9couvrir son histoire et une Vid\u00e9o sur mon compte Instagram.<\/p>\n<p>This pendant comes with a 40cm silver chain.<\/p>\n<p>This jewel is eligible for the payment plan, do not hesitate to contact me for more details!<\/p>\n<p>\u2022\u2022\u2022\u2022\u2022\u2022\u2022\u2022\u2022\u2022\u2022\u2022<\/p>\n<p>I invite you to read the general conditions of sale. I am at your disposal for any additional question!<\/p>\n<p><span style=\"font-family: arial, helvetica, sans-serif\"><strong>Internationnal Customers:<\/strong> The configuration of this website does not convert currency. Nevertheless, you can order from all over the world if your credit card allows it ? You will then have to convert your currency during your purchase to know the amount, but the transaction will be done in \u20ac. The price of the international shipment is defined according to your region. You can know it when ordering. Thanks for your understanding.<\/span><\/p>","protected":false},"featured_media":4628,"template":"","meta":[],"product_brand":[],"product_cat":[19],"product_tag":[],"class_list":{"0":"post-4445","1":"product","2":"type-product","3":"status-publish","4":"has-post-thumbnail","6":"product_cat-colliers-pendentifs","8":"first","9":"outofstock","10":"purchasable","11":"product-type-simple"},"jetpack_sharing_enabled":true,"_links":{"self":[{"href":"https:\/\/azetama.fr\/en\/wp-json\/wp\/v2\/product\/4445","targetHints":{"allow":["GET"]}}],"collection":[{"href":"https:\/\/azetama.fr\/en\/wp-json\/wp\/v2\/product"}],"about":[{"href":"https:\/\/azetama.fr\/en\/wp-json\/wp\/v2\/types\/product"}],"version-history":[{"count":17,"href":"https:\/\/azetama.fr\/en\/wp-json\/wp\/v2\/product\/4445\/revisions"}],"predecessor-version":[{"id":6121,"href":"https:\/\/azetama.fr\/en\/wp-json\/wp\/v2\/product\/4445\/revisions\/6121"}],"wp:featuredmedia":[{"embeddable":true,"href":"https:\/\/azetama.fr\/en\/wp-json\/wp\/v2\/media\/4628"}],"wp:attachment":[{"href":"https:\/\/azetama.fr\/en\/wp-json\/wp\/v2\/media?parent=4445"}],"wp:term":[{"taxonomy":"product_brand","embeddable":true,"href":"https:\/\/azetama.fr\/en\/wp-json\/wp\/v2\/product_brand?post=4445"},{"taxonomy":"product_cat","embeddable":true,"href":"https:\/\/azetama.fr\/en\/wp-json\/wp\/v2\/product_cat?post=4445"},{"taxonomy":"product_tag","embeddable":true,"href":"https:\/\/azetama.fr\/en\/wp-json\/wp\/v2\/product_tag?post=4445"}],"curies":[{"name":"wp","href":"https:\/\/api.w.org\/{rel}","templated":true}]}}