{"id":5003,"date":"2022-04-25T14:46:39","date_gmt":"2022-04-25T12:46:39","guid":{"rendered":"https:\/\/azetama.fr\/?post_type=product&#038;p=5003"},"modified":"2025-07-03T13:05:35","modified_gmt":"2025-07-03T11:05:35","slug":"aquamarinering","status":"publish","type":"product","link":"https:\/\/azetama.fr\/en\/product\/aquamarinering\/","title":{"rendered":"Floral Aqua-Marine Ring"},"content":{"rendered":"<div data-elementor-type=\"wp-post\" data-elementor-id=\"5003\" class=\"elementor elementor-5003\">\n\t\t\t\t\t\t<section class=\"elementor-section elementor-top-section elementor-element elementor-element-48fb86cd elementor-section-boxed elementor-section-height-default elementor-section-height-default\" data-id=\"48fb86cd\" data-element_type=\"section\" data-e-type=\"section\">\n\t\t\t\t\t\t<div class=\"elementor-container elementor-column-gap-default\">\n\t\t\t\t\t<div class=\"elementor-column elementor-col-100 elementor-top-column elementor-element elementor-element-445f8491\" data-id=\"445f8491\" data-element_type=\"column\" data-e-type=\"column\">\n\t\t\t<div class=\"elementor-widget-wrap elementor-element-populated\">\n\t\t\t\t\t\t\t<\/div>\n\t\t<\/div>\n\t\t\t\t\t<\/div>\n\t\t<\/section>\n\t\t\t\t<section class=\"elementor-section elementor-top-section elementor-element elementor-element-7a06b2b elementor-section-boxed elementor-section-height-default elementor-section-height-default\" data-id=\"7a06b2b\" data-element_type=\"section\" data-e-type=\"section\">\n\t\t\t\t\t\t<div class=\"elementor-container elementor-column-gap-default\">\n\t\t\t\t\t<div class=\"elementor-column elementor-col-100 elementor-top-column elementor-element elementor-element-b749a0b\" data-id=\"b749a0b\" data-element_type=\"column\" data-e-type=\"column\">\n\t\t\t<div class=\"elementor-widget-wrap elementor-element-populated\">\n\t\t\t\t\t\t<div class=\"elementor-element elementor-element-4a0d024 elementor-arrows-position-inside elementor-pagination-position-outside elementor-widget elementor-widget-image-carousel\" data-id=\"4a0d024\" data-element_type=\"widget\" data-e-type=\"widget\" data-settings=\"{&quot;slides_to_show&quot;:&quot;2&quot;,&quot;navigation&quot;:&quot;both&quot;,&quot;autoplay&quot;:&quot;yes&quot;,&quot;pause_on_hover&quot;:&quot;yes&quot;,&quot;pause_on_interaction&quot;:&quot;yes&quot;,&quot;autoplay_speed&quot;:5000,&quot;infinite&quot;:&quot;yes&quot;,&quot;speed&quot;:500}\" data-widget_type=\"image-carousel.default\">\n\t\t\t\t<div class=\"elementor-widget-container\">\n\t\t\t\t\t\t\t<div class=\"elementor-image-carousel-wrapper swiper\" role=\"region\" aria-roledescription=\"carousel\" aria-label=\"Carrousel d\u2019images\" dir=\"ltr\">\n\t\t\t<div class=\"elementor-image-carousel swiper-wrapper\" aria-live=\"off\">\n\t\t\t\t\t\t\t\t<div class=\"swiper-slide\" role=\"group\" aria-roledescription=\"slide\" aria-label=\"1 sur 9\"><figure class=\"swiper-slide-inner\"><img decoding=\"async\" class=\"swiper-slide-image\" src=\"https:\/\/i0.wp.com\/azetama.fr\/wp-content\/uploads\/2022\/04\/9841FBC7-FF15-4426-9A3D-07C20ED052EC.jpeg?fit=768%2C960&amp;ssl=1\" alt=\"9841FBC7-FF15-4426-9A3D-07C20ED052EC\" \/><\/figure><\/div><div class=\"swiper-slide\" role=\"group\" aria-roledescription=\"slide\" aria-label=\"2 sur 9\"><figure class=\"swiper-slide-inner\"><img decoding=\"async\" class=\"swiper-slide-image\" src=\"https:\/\/i0.wp.com\/azetama.fr\/wp-content\/uploads\/2022\/04\/F4E5F696-5790-4018-9B16-AC9BADF0F4D8-scaled.jpeg?fit=768%2C1024&amp;ssl=1\" alt=\"F4E5F696-5790-4018-9B16-AC9BADF0F4D8\" \/><\/figure><\/div><div class=\"swiper-slide\" role=\"group\" aria-roledescription=\"slide\" aria-label=\"3 sur 9\"><figure class=\"swiper-slide-inner\"><img decoding=\"async\" class=\"swiper-slide-image\" src=\"https:\/\/i0.wp.com\/azetama.fr\/wp-content\/uploads\/2022\/04\/FDB724F3-9A2F-4C58-9AB8-571113560583.jpeg?fit=768%2C960&amp;ssl=1\" alt=\"FDB724F3-9A2F-4C58-9AB8-571113560583\" \/><\/figure><\/div><div class=\"swiper-slide\" role=\"group\" aria-roledescription=\"slide\" aria-label=\"4 sur 9\"><figure class=\"swiper-slide-inner\"><img decoding=\"async\" class=\"swiper-slide-image\" src=\"https:\/\/i0.wp.com\/azetama.fr\/wp-content\/uploads\/2022\/04\/00641CCE-D343-4F74-96ED-4B495806B8F4-scaled.jpeg?fit=768%2C1024&amp;ssl=1\" alt=\"00641CCE-D343-4F74-96ED-4B495806B8F4\" \/><\/figure><\/div><div class=\"swiper-slide\" role=\"group\" aria-roledescription=\"slide\" aria-label=\"5 sur 9\"><figure class=\"swiper-slide-inner\"><img decoding=\"async\" class=\"swiper-slide-image\" src=\"https:\/\/i0.wp.com\/azetama.fr\/wp-content\/uploads\/2022\/04\/E7E43BC7-D082-49AA-964F-212C81285FF3.jpeg?fit=768%2C960&amp;ssl=1\" alt=\"E7E43BC7-D082-49AA-964F-212C81285FF3\" \/><\/figure><\/div><div class=\"swiper-slide\" role=\"group\" aria-roledescription=\"slide\" aria-label=\"6 sur 9\"><figure class=\"swiper-slide-inner\"><img decoding=\"async\" class=\"swiper-slide-image\" src=\"https:\/\/i0.wp.com\/azetama.fr\/wp-content\/uploads\/2022\/04\/8BB3858D-1416-45E5-810E-947037A932FF.jpeg?fit=768%2C960&amp;ssl=1\" alt=\"8BB3858D-1416-45E5-810E-947037A932FF\" \/><\/figure><\/div><div class=\"swiper-slide\" role=\"group\" aria-roledescription=\"slide\" aria-label=\"7 sur 9\"><figure class=\"swiper-slide-inner\"><img decoding=\"async\" class=\"swiper-slide-image\" src=\"https:\/\/i0.wp.com\/azetama.fr\/wp-content\/uploads\/2022\/04\/BEA89A80-320D-472F-B23F-74395B2267A0.jpeg?fit=768%2C960&amp;ssl=1\" alt=\"BEA89A80-320D-472F-B23F-74395B2267A0\" \/><\/figure><\/div><div class=\"swiper-slide\" role=\"group\" aria-roledescription=\"slide\" aria-label=\"8 sur 9\"><figure class=\"swiper-slide-inner\"><img decoding=\"async\" class=\"swiper-slide-image\" src=\"https:\/\/i0.wp.com\/azetama.fr\/wp-content\/uploads\/2022\/04\/113924E8-3916-4653-B52C-8AFE75B8AE5B-scaled.jpeg?fit=768%2C1024&amp;ssl=1\" alt=\"113924E8-3916-4653-B52C-8AFE75B8AE5B\" \/><\/figure><\/div><div class=\"swiper-slide\" role=\"group\" aria-roledescription=\"slide\" aria-label=\"9 sur 9\"><figure class=\"swiper-slide-inner\"><img decoding=\"async\" class=\"swiper-slide-image\" src=\"https:\/\/i0.wp.com\/azetama.fr\/wp-content\/uploads\/2022\/04\/4B74122C-A474-4D6D-AB46-A44928C2DD5D.jpeg?fit=768%2C960&amp;ssl=1\" alt=\"4B74122C-A474-4D6D-AB46-A44928C2DD5D\" \/><\/figure><\/div>\t\t\t<\/div>\n\t\t\t\t\t\t\t\t\t\t\t\t<div class=\"elementor-swiper-button elementor-swiper-button-prev\" role=\"button\" tabindex=\"0\">\n\t\t\t\t\t\t<i aria-hidden=\"true\" class=\"eicon-chevron-left\"><\/i>\t\t\t\t\t<\/div>\n\t\t\t\t\t<div class=\"elementor-swiper-button elementor-swiper-button-next\" role=\"button\" tabindex=\"0\">\n\t\t\t\t\t\t<i aria-hidden=\"true\" class=\"eicon-chevron-right\"><\/i>\t\t\t\t\t<\/div>\n\t\t\t\t\n\t\t\t\t\t\t\t\t\t<div class=\"swiper-pagination\"><\/div>\n\t\t\t\t\t\t\t\t\t<\/div>\n\t\t\t\t\t\t<\/div>\n\t\t\t\t<\/div>\n\t\t\t\t\t<\/div>\n\t\t<\/div>\n\t\t\t\t\t<\/div>\n\t\t<\/section>\n\t\t\t\t<\/div>","protected":false},"excerpt":{"rendered":"<p><span style=\"font-family: arial, helvetica, sans-serif;\">Cette bague de la collection Florale, a \u00e9t\u00e9 enti\u00e8rement grav\u00e9e et fa\u00e7onn\u00e9e \u00e0 la main de mani\u00e8re artisanale. Enti\u00e8rement en argent 950, elle est orn\u00e9e d\u2019une Aigue-Marine taill\u00e9e \u00ab\u00a0Rose-Cut\u00a0\u00bb. c\u2019est un bijou unique qui ne sera pas reproduit. Vous pouvez d\u00e9couvrir son histoire sur mon compte Instagram. Ce bijou est l\u00e9ger et robuste. Si vous en prenez soin, il traversera le temps aupr\u00e8s de vous\u2026<\/span><\/p>\n<p>Size 8US<\/p>\n<p><span style=\"font-family: arial, helvetica, sans-serif;\">\u2022\u2022\u2022\u2022\u2022\u2022\u2022\u2022\u2022\u2022\u2022\u2022<\/span><\/p>\n<p><span style=\"font-family: arial, helvetica, sans-serif;\">I invite you to read the general conditions of sale. I am at your disposal for any additional question!<\/span><\/p>","protected":false},"featured_media":4869,"template":"","meta":[],"product_brand":[],"product_cat":[18],"product_tag":[],"class_list":{"0":"post-5003","1":"product","2":"type-product","3":"status-publish","4":"has-post-thumbnail","6":"product_cat-bagues","8":"first","9":"outofstock","10":"sale","11":"purchasable","12":"product-type-simple"},"jetpack_sharing_enabled":true,"_links":{"self":[{"href":"https:\/\/azetama.fr\/en\/wp-json\/wp\/v2\/product\/5003","targetHints":{"allow":["GET"]}}],"collection":[{"href":"https:\/\/azetama.fr\/en\/wp-json\/wp\/v2\/product"}],"about":[{"href":"https:\/\/azetama.fr\/en\/wp-json\/wp\/v2\/types\/product"}],"version-history":[{"count":9,"href":"https:\/\/azetama.fr\/en\/wp-json\/wp\/v2\/product\/5003\/revisions"}],"predecessor-version":[{"id":9251,"href":"https:\/\/azetama.fr\/en\/wp-json\/wp\/v2\/product\/5003\/revisions\/9251"}],"wp:featuredmedia":[{"embeddable":true,"href":"https:\/\/azetama.fr\/en\/wp-json\/wp\/v2\/media\/4869"}],"wp:attachment":[{"href":"https:\/\/azetama.fr\/en\/wp-json\/wp\/v2\/media?parent=5003"}],"wp:term":[{"taxonomy":"product_brand","embeddable":true,"href":"https:\/\/azetama.fr\/en\/wp-json\/wp\/v2\/product_brand?post=5003"},{"taxonomy":"product_cat","embeddable":true,"href":"https:\/\/azetama.fr\/en\/wp-json\/wp\/v2\/product_cat?post=5003"},{"taxonomy":"product_tag","embeddable":true,"href":"https:\/\/azetama.fr\/en\/wp-json\/wp\/v2\/product_tag?post=5003"}],"curies":[{"name":"wp","href":"https:\/\/api.w.org\/{rel}","templated":true}]}}