{"id":5103,"date":"2022-05-30T10:27:35","date_gmt":"2022-05-30T08:27:35","guid":{"rendered":"https:\/\/azetama.fr\/?post_type=product&#038;p=5103"},"modified":"2022-07-03T16:52:39","modified_gmt":"2022-07-03T14:52:39","slug":"floral-earrings2","status":"publish","type":"product","link":"https:\/\/azetama.fr\/en\/product\/floral-earrings2\/","title":{"rendered":"\u3030\ufe0f Reserved Floral Earrings 2nd payment \u3030\ufe0f"},"content":{"rendered":"<div data-elementor-type=\"wp-post\" data-elementor-id=\"5103\" class=\"elementor elementor-5103\">\n\t\t\t\t\t\t<section class=\"elementor-section elementor-top-section elementor-element elementor-element-48fb86cd elementor-section-boxed elementor-section-height-default elementor-section-height-default\" data-id=\"48fb86cd\" data-element_type=\"section\" data-e-type=\"section\">\n\t\t\t\t\t\t<div class=\"elementor-container elementor-column-gap-default\">\n\t\t\t\t\t<div class=\"elementor-column elementor-col-100 elementor-top-column elementor-element elementor-element-445f8491\" data-id=\"445f8491\" data-element_type=\"column\" data-e-type=\"column\">\n\t\t\t<div class=\"elementor-widget-wrap elementor-element-populated\">\n\t\t\t\t\t\t<div class=\"elementor-element elementor-element-4a0d024 elementor-arrows-position-inside elementor-pagination-position-outside elementor-widget elementor-widget-image-carousel\" data-id=\"4a0d024\" data-element_type=\"widget\" data-e-type=\"widget\" data-settings=\"{&quot;slides_to_show&quot;:&quot;2&quot;,&quot;navigation&quot;:&quot;both&quot;,&quot;autoplay&quot;:&quot;yes&quot;,&quot;pause_on_hover&quot;:&quot;yes&quot;,&quot;pause_on_interaction&quot;:&quot;yes&quot;,&quot;autoplay_speed&quot;:5000,&quot;infinite&quot;:&quot;yes&quot;,&quot;speed&quot;:500}\" data-widget_type=\"image-carousel.default\">\n\t\t\t\t<div class=\"elementor-widget-container\">\n\t\t\t\t\t\t\t<div class=\"elementor-image-carousel-wrapper swiper\" role=\"region\" aria-roledescription=\"carousel\" aria-label=\"Image Carousel\" dir=\"ltr\">\n\t\t\t<div class=\"elementor-image-carousel swiper-wrapper\" aria-live=\"off\">\n\t\t\t\t\t\t\t\t<div class=\"swiper-slide\" role=\"group\" aria-roledescription=\"slide\" aria-label=\"1 sur 5\" data-no-translation-aria-label=\"\"><figure class=\"swiper-slide-inner\"><img decoding=\"async\" class=\"swiper-slide-image\" src=\"https:\/\/i0.wp.com\/azetama.fr\/wp-content\/uploads\/2022\/04\/5E71571C-D3F2-485D-81BD-8A770C26E2AC.jpg?fit=768%2C960&amp;ssl=1\" alt=\"5E71571C-D3F2-485D-81BD-8A770C26E2AC\" \/><\/figure><\/div><div class=\"swiper-slide\" role=\"group\" aria-roledescription=\"slide\" aria-label=\"2 sur 5\" data-no-translation-aria-label=\"\"><figure class=\"swiper-slide-inner\"><img decoding=\"async\" class=\"swiper-slide-image\" src=\"https:\/\/i0.wp.com\/azetama.fr\/wp-content\/uploads\/2022\/04\/B546A48E-CA53-4FCF-BBA5-BFC14CED355F.jpg?fit=768%2C957&amp;ssl=1\" alt=\"B546A48E-CA53-4FCF-BBA5-BFC14CED355F\" \/><\/figure><\/div><div class=\"swiper-slide\" role=\"group\" aria-roledescription=\"slide\" aria-label=\"3 sur 5\" data-no-translation-aria-label=\"\"><figure class=\"swiper-slide-inner\"><img decoding=\"async\" class=\"swiper-slide-image\" src=\"https:\/\/i0.wp.com\/azetama.fr\/wp-content\/uploads\/2022\/04\/EC836C2D-2F07-4B98-9511-2EC56D4CC436.jpg?fit=768%2C960&amp;ssl=1\" alt=\"EC836C2D-2F07-4B98-9511-2EC56D4CC436\" \/><\/figure><\/div><div class=\"swiper-slide\" role=\"group\" aria-roledescription=\"slide\" aria-label=\"4 sur 5\" data-no-translation-aria-label=\"\"><figure class=\"swiper-slide-inner\"><img decoding=\"async\" class=\"swiper-slide-image\" src=\"https:\/\/i0.wp.com\/azetama.fr\/wp-content\/uploads\/2022\/04\/FDAF1D6E-98A1-43CF-B71C-2F7358774AD5.jpg?fit=768%2C960&amp;ssl=1\" alt=\"FDAF1D6E-98A1-43CF-B71C-2F7358774AD5\" \/><\/figure><\/div><div class=\"swiper-slide\" role=\"group\" aria-roledescription=\"slide\" aria-label=\"5 sur 5\" data-no-translation-aria-label=\"\"><figure class=\"swiper-slide-inner\"><img decoding=\"async\" class=\"swiper-slide-image\" src=\"https:\/\/i0.wp.com\/azetama.fr\/wp-content\/uploads\/2022\/04\/D2DB2B08-E4A3-4B13-A242-8E0B71D011C1.jpg?fit=768%2C960&amp;ssl=1\" alt=\"D2DB2B08-E4A3-4B13-A242-8E0B71D011C1\" \/><\/figure><\/div>\t\t\t<\/div>\n\t\t\t\t\t\t\t\t\t\t\t\t<div class=\"elementor-swiper-button elementor-swiper-button-prev\" role=\"button\" tabindex=\"0\">\n\t\t\t\t\t\t<i aria-hidden=\"true\" class=\"eicon-chevron-left\"><\/i>\t\t\t\t\t<\/div>\n\t\t\t\t\t<div class=\"elementor-swiper-button elementor-swiper-button-next\" role=\"button\" tabindex=\"0\">\n\t\t\t\t\t\t<i aria-hidden=\"true\" class=\"eicon-chevron-right\"><\/i>\t\t\t\t\t<\/div>\n\t\t\t\t\n\t\t\t\t\t\t\t\t\t<div class=\"swiper-pagination\"><\/div>\n\t\t\t\t\t\t\t\t\t<\/div>\n\t\t\t\t\t\t<\/div>\n\t\t\t\t<\/div>\n\t\t\t\t\t<\/div>\n\t\t<\/div>\n\t\t\t\t\t<\/div>\n\t\t<\/section>\n\t\t\t\t<section class=\"elementor-section elementor-top-section elementor-element elementor-element-394cd8f elementor-section-boxed elementor-section-height-default elementor-section-height-default\" data-id=\"394cd8f\" data-element_type=\"section\" data-e-type=\"section\">\n\t\t\t\t\t\t<div class=\"elementor-container elementor-column-gap-default\">\n\t\t\t\t\t<div class=\"elementor-column elementor-col-100 elementor-top-column elementor-element elementor-element-b570fd9\" data-id=\"b570fd9\" data-element_type=\"column\" data-e-type=\"column\">\n\t\t\t<div class=\"elementor-widget-wrap elementor-element-populated\">\n\t\t\t\t\t\t<div class=\"elementor-element elementor-element-0407be8 elementor-widget elementor-widget-video\" data-id=\"0407be8\" data-element_type=\"widget\" data-e-type=\"widget\" data-settings=\"{&quot;video_type&quot;:&quot;hosted&quot;,&quot;controls&quot;:&quot;yes&quot;}\" data-widget_type=\"video.default\">\n\t\t\t\t<div class=\"elementor-widget-container\">\n\t\t\t\t\t\t\t<div class=\"e-hosted-video elementor-wrapper elementor-open-inline\">\n\t\t\t\t\t<video class=\"elementor-video\" src=\"https:\/\/azetama.fr\/wp-content\/uploads\/2022\/04\/video-output-4449B0F0-7477-419E-B932-2A8979FA995B.mov\" controls=\"\" preload=\"metadata\" controlslist=\"nodownload\"><\/video>\n\t\t\t\t<\/div>\n\t\t\t\t\t\t<\/div>\n\t\t\t\t<\/div>\n\t\t\t\t\t<\/div>\n\t\t<\/div>\n\t\t\t\t\t<\/div>\n\t\t<\/section>\n\t\t\t\t<\/div>","protected":false},"excerpt":{"rendered":"<p><span style=\"font-family: arial, helvetica, sans-serif;\">Reservado! Ces boucles d\u2019oreilles font partie de la collection Florale. Elles ont \u00e9t\u00e9 enti\u00e8rement r\u00e9alis\u00e9e et grav\u00e9e \u00e0 la main de mani\u00e8re artisanale \u00e0 partir d\u2019un dessin original dans l\u2019Argent 950. C\u2019est un bijou unique qui ne sera pas reproduit. Vous pouvez d\u00e9couvrir son histoire sur mon compte Instagram. Ce bijou est l\u00e9ger et robuste. Si vous en prenez soin, il traversera le temps aupr\u00e8s de vous\u2026<\/span><\/p>\n<p>This jewel is eligible for the payment plan, do not hesitate to contact me for more details!<\/p>\n<p><span style=\"font-family: arial, helvetica, sans-serif;\">\u2022\u2022\u2022\u2022\u2022\u2022\u2022\u2022\u2022\u2022\u2022\u2022<\/span><\/p>\n<p><span style=\"font-family: arial, helvetica, sans-serif;\">I invite you to read the general conditions of sale. I am at your disposal for any additional question!<\/span><\/p>\n<p><span style=\"font-family: arial, helvetica, sans-serif;\"><strong>Internationnal Customers:<\/strong><\/span><span style=\"font-family: arial, helvetica, sans-serif;\"> The configuration of this website does not convert currency. Nevertheless, you can order from all over the world if your credit card allows it <\/span><span style=\"font-family: arial, helvetica, sans-serif;\">?<\/span><span style=\"font-family: arial, helvetica, sans-serif;\"> You will then have to convert your currency during your purchase to know the amount, but the transaction will be done in \u20ac. The price of the international shipment is defined according to your region. You can know it when ordering. Thanks for your understanding.<\/span><\/p>","protected":false},"featured_media":4936,"template":"","meta":[],"product_brand":[],"product_cat":[20,23],"product_tag":[],"class_list":{"0":"post-5103","1":"product","2":"type-product","3":"status-publish","4":"has-post-thumbnail","6":"product_cat-boucles-doreilles","7":"product_cat-nouveautes","9":"first","10":"outofstock","11":"virtual","12":"purchasable","13":"product-type-simple"},"jetpack_sharing_enabled":true,"_links":{"self":[{"href":"https:\/\/azetama.fr\/en\/wp-json\/wp\/v2\/product\/5103","targetHints":{"allow":["GET"]}}],"collection":[{"href":"https:\/\/azetama.fr\/en\/wp-json\/wp\/v2\/product"}],"about":[{"href":"https:\/\/azetama.fr\/en\/wp-json\/wp\/v2\/types\/product"}],"version-history":[{"count":1,"href":"https:\/\/azetama.fr\/en\/wp-json\/wp\/v2\/product\/5103\/revisions"}],"predecessor-version":[{"id":5104,"href":"https:\/\/azetama.fr\/en\/wp-json\/wp\/v2\/product\/5103\/revisions\/5104"}],"wp:featuredmedia":[{"embeddable":true,"href":"https:\/\/azetama.fr\/en\/wp-json\/wp\/v2\/media\/4936"}],"wp:attachment":[{"href":"https:\/\/azetama.fr\/en\/wp-json\/wp\/v2\/media?parent=5103"}],"wp:term":[{"taxonomy":"product_brand","embeddable":true,"href":"https:\/\/azetama.fr\/en\/wp-json\/wp\/v2\/product_brand?post=5103"},{"taxonomy":"product_cat","embeddable":true,"href":"https:\/\/azetama.fr\/en\/wp-json\/wp\/v2\/product_cat?post=5103"},{"taxonomy":"product_tag","embeddable":true,"href":"https:\/\/azetama.fr\/en\/wp-json\/wp\/v2\/product_tag?post=5103"}],"curies":[{"name":"wp","href":"https:\/\/api.w.org\/{rel}","templated":true}]}}