{"id":5164,"date":"2022-06-22T08:06:54","date_gmt":"2022-06-22T06:06:54","guid":{"rendered":"https:\/\/azetama.fr\/?post_type=product&#038;p=5164"},"modified":"2022-07-03T16:52:09","modified_gmt":"2022-07-03T14:52:09","slug":"floral-tourmaline-2nd","status":"publish","type":"product","link":"https:\/\/azetama.fr\/en\/product\/floral-tourmaline-2nd\/","title":{"rendered":"Floral Tourmaline 2nd payment"},"content":{"rendered":"<div data-elementor-type=\"wp-post\" data-elementor-id=\"5164\" class=\"elementor elementor-5164\">\n\t\t\t\t\t\t<section class=\"elementor-section elementor-top-section elementor-element elementor-element-48fb86cd elementor-section-boxed elementor-section-height-default elementor-section-height-default\" data-id=\"48fb86cd\" data-element_type=\"section\" data-e-type=\"section\">\n\t\t\t\t\t\t<div class=\"elementor-container elementor-column-gap-default\">\n\t\t\t\t\t<div class=\"elementor-column elementor-col-100 elementor-top-column elementor-element elementor-element-445f8491\" data-id=\"445f8491\" data-element_type=\"column\" data-e-type=\"column\">\n\t\t\t<div class=\"elementor-widget-wrap elementor-element-populated\">\n\t\t\t\t\t\t<div class=\"elementor-element elementor-element-4a0d024 elementor-arrows-position-inside elementor-pagination-position-outside elementor-widget elementor-widget-image-carousel\" data-id=\"4a0d024\" data-element_type=\"widget\" data-e-type=\"widget\" data-settings=\"{&quot;slides_to_show&quot;:&quot;2&quot;,&quot;navigation&quot;:&quot;both&quot;,&quot;autoplay&quot;:&quot;yes&quot;,&quot;pause_on_hover&quot;:&quot;yes&quot;,&quot;pause_on_interaction&quot;:&quot;yes&quot;,&quot;autoplay_speed&quot;:5000,&quot;infinite&quot;:&quot;yes&quot;,&quot;speed&quot;:500}\" data-widget_type=\"image-carousel.default\">\n\t\t\t\t<div class=\"elementor-widget-container\">\n\t\t\t\t\t\t\t<div class=\"elementor-image-carousel-wrapper swiper\" role=\"region\" aria-roledescription=\"carousel\" aria-label=\"Image Carousel\" dir=\"ltr\" data-no-translation-aria-label=\"\">\n\t\t\t<div class=\"elementor-image-carousel swiper-wrapper\" aria-live=\"off\">\n\t\t\t\t\t\t\t\t<div class=\"swiper-slide\" role=\"group\" aria-roledescription=\"slide\" aria-label=\"1 sur 10\" data-no-translation-aria-label=\"\"><figure class=\"swiper-slide-inner\"><img decoding=\"async\" class=\"swiper-slide-image\" src=\"https:\/\/i0.wp.com\/azetama.fr\/wp-content\/uploads\/2022\/04\/A69F34F8-FCDF-4E05-ACB2-374AAE4A12B6.jpeg?fit=768%2C944&amp;ssl=1\" alt=\"A69F34F8-FCDF-4E05-ACB2-374AAE4A12B6\" \/><\/figure><\/div><div class=\"swiper-slide\" role=\"group\" aria-roledescription=\"slide\" aria-label=\"2 sur 10\" data-no-translation-aria-label=\"\"><figure class=\"swiper-slide-inner\"><img decoding=\"async\" class=\"swiper-slide-image\" src=\"https:\/\/i0.wp.com\/azetama.fr\/wp-content\/uploads\/2022\/04\/3BCD01B6-6760-42B2-87CE-60A9374903F9.jpeg?fit=768%2C945&amp;ssl=1\" alt=\"3BCD01B6-6760-42B2-87CE-60A9374903F9\" \/><\/figure><\/div><div class=\"swiper-slide\" role=\"group\" aria-roledescription=\"slide\" aria-label=\"3 sur 10\" data-no-translation-aria-label=\"\"><figure class=\"swiper-slide-inner\"><img decoding=\"async\" class=\"swiper-slide-image\" src=\"https:\/\/i0.wp.com\/azetama.fr\/wp-content\/uploads\/2022\/04\/398AF938-D29F-4435-9B08-3D6561B57943.jpeg?fit=768%2C948&amp;ssl=1\" alt=\"398AF938-D29F-4435-9B08-3D6561B57943\" \/><\/figure><\/div><div class=\"swiper-slide\" role=\"group\" aria-roledescription=\"slide\" aria-label=\"4 sur 10\" data-no-translation-aria-label=\"\"><figure class=\"swiper-slide-inner\"><img decoding=\"async\" class=\"swiper-slide-image\" src=\"https:\/\/i0.wp.com\/azetama.fr\/wp-content\/uploads\/2022\/04\/59301CD7-9495-40E6-B98A-13136BC75631.jpeg?fit=768%2C949&amp;ssl=1\" alt=\"59301CD7-9495-40E6-B98A-13136BC75631\" \/><\/figure><\/div><div class=\"swiper-slide\" role=\"group\" aria-roledescription=\"slide\" aria-label=\"5 sur 10\" data-no-translation-aria-label=\"\"><figure class=\"swiper-slide-inner\"><img decoding=\"async\" class=\"swiper-slide-image\" src=\"https:\/\/i0.wp.com\/azetama.fr\/wp-content\/uploads\/2022\/04\/2D2F057A-7540-4C29-AFAB-BF49FE8D4984.jpeg?fit=768%2C948&amp;ssl=1\" alt=\"2D2F057A-7540-4C29-AFAB-BF49FE8D4984\" \/><\/figure><\/div><div class=\"swiper-slide\" role=\"group\" aria-roledescription=\"slide\" aria-label=\"6 sur 10\" data-no-translation-aria-label=\"\"><figure class=\"swiper-slide-inner\"><img decoding=\"async\" class=\"swiper-slide-image\" src=\"https:\/\/i0.wp.com\/azetama.fr\/wp-content\/uploads\/2022\/04\/50E07F16-315D-460F-9D8B-D519E3564C46.jpeg?fit=768%2C953&amp;ssl=1\" alt=\"50E07F16-315D-460F-9D8B-D519E3564C46\" \/><\/figure><\/div><div class=\"swiper-slide\" role=\"group\" aria-roledescription=\"slide\" aria-label=\"7 sur 10\" data-no-translation-aria-label=\"\"><figure class=\"swiper-slide-inner\"><img decoding=\"async\" class=\"swiper-slide-image\" src=\"https:\/\/i0.wp.com\/azetama.fr\/wp-content\/uploads\/2022\/04\/3835D39C-997C-4F0B-A9D8-24F9236CFB31.jpeg?fit=768%2C950&amp;ssl=1\" alt=\"3835D39C-997C-4F0B-A9D8-24F9236CFB31\" \/><\/figure><\/div><div class=\"swiper-slide\" role=\"group\" aria-roledescription=\"slide\" aria-label=\"8 sur 10\" data-no-translation-aria-label=\"\"><figure class=\"swiper-slide-inner\"><img decoding=\"async\" class=\"swiper-slide-image\" src=\"https:\/\/i0.wp.com\/azetama.fr\/wp-content\/uploads\/2022\/04\/688B8E70-2644-450F-9F7E-85EE232E23A0.jpeg?fit=768%2C945&amp;ssl=1\" alt=\"688B8E70-2644-450F-9F7E-85EE232E23A0\" \/><\/figure><\/div><div class=\"swiper-slide\" role=\"group\" aria-roledescription=\"slide\" aria-label=\"9 sur 10\" data-no-translation-aria-label=\"\"><figure class=\"swiper-slide-inner\"><img decoding=\"async\" class=\"swiper-slide-image\" src=\"https:\/\/i0.wp.com\/azetama.fr\/wp-content\/uploads\/2022\/04\/7BBD43B1-0818-4688-A6F6-5BAF3EAE55A7.jpeg?fit=768%2C945&amp;ssl=1\" alt=\"7BBD43B1-0818-4688-A6F6-5BAF3EAE55A7\" \/><\/figure><\/div><div class=\"swiper-slide\" role=\"group\" aria-roledescription=\"slide\" aria-label=\"10 sur 10\" data-no-translation-aria-label=\"\"><figure class=\"swiper-slide-inner\"><img decoding=\"async\" class=\"swiper-slide-image\" src=\"https:\/\/i0.wp.com\/azetama.fr\/wp-content\/uploads\/2022\/04\/97FE93E4-FD03-4D40-8C15-D954F818C0B1.jpeg?fit=768%2C953&amp;ssl=1\" alt=\"97FE93E4-FD03-4D40-8C15-D954F818C0B1\" \/><\/figure><\/div>\t\t\t<\/div>\n\t\t\t\t\t\t\t\t\t\t\t\t<div class=\"elementor-swiper-button elementor-swiper-button-prev\" role=\"button\" tabindex=\"0\">\n\t\t\t\t\t\t<i aria-hidden=\"true\" class=\"eicon-chevron-left\"><\/i>\t\t\t\t\t<\/div>\n\t\t\t\t\t<div class=\"elementor-swiper-button elementor-swiper-button-next\" role=\"button\" tabindex=\"0\">\n\t\t\t\t\t\t<i aria-hidden=\"true\" class=\"eicon-chevron-right\"><\/i>\t\t\t\t\t<\/div>\n\t\t\t\t\n\t\t\t\t\t\t\t\t\t<div class=\"swiper-pagination\"><\/div>\n\t\t\t\t\t\t\t\t\t<\/div>\n\t\t\t\t\t\t<\/div>\n\t\t\t\t<\/div>\n\t\t\t\t\t<\/div>\n\t\t<\/div>\n\t\t\t\t\t<\/div>\n\t\t<\/section>\n\t\t\t\t<section class=\"elementor-section elementor-top-section elementor-element elementor-element-4e1f183 elementor-section-boxed elementor-section-height-default elementor-section-height-default\" data-id=\"4e1f183\" data-element_type=\"section\" data-e-type=\"section\">\n\t\t\t\t\t\t<div class=\"elementor-container elementor-column-gap-default\">\n\t\t\t\t\t<div class=\"elementor-column elementor-col-100 elementor-top-column elementor-element elementor-element-8a8fb08\" data-id=\"8a8fb08\" data-element_type=\"column\" data-e-type=\"column\">\n\t\t\t<div class=\"elementor-widget-wrap elementor-element-populated\">\n\t\t\t\t\t\t<div class=\"elementor-element elementor-element-1a5d9a1 elementor-widget elementor-widget-video\" data-id=\"1a5d9a1\" data-element_type=\"widget\" data-e-type=\"widget\" data-settings=\"{&quot;video_type&quot;:&quot;hosted&quot;,&quot;autoplay&quot;:&quot;yes&quot;,&quot;play_on_mobile&quot;:&quot;yes&quot;,&quot;mute&quot;:&quot;yes&quot;,&quot;controls&quot;:&quot;yes&quot;}\" data-widget_type=\"video.default\">\n\t\t\t\t<div class=\"elementor-widget-container\">\n\t\t\t\t\t\t\t<div class=\"e-hosted-video elementor-wrapper elementor-open-inline\">\n\t\t\t\t\t<video class=\"elementor-video\" src=\"https:\/\/azetama.fr\/wp-content\/uploads\/2022\/04\/FullSizeRender.mov\" autoplay=\"\" controls=\"\" muted=\"muted\" playsinline=\"\" controlslist=\"nodownload\"><\/video>\n\t\t\t\t<\/div>\n\t\t\t\t\t\t<\/div>\n\t\t\t\t<\/div>\n\t\t\t\t\t<\/div>\n\t\t<\/div>\n\t\t\t\t\t<\/div>\n\t\t<\/section>\n\t\t\t\t<\/div>","protected":false},"excerpt":{"rendered":"<p><span style=\"font-family: arial, helvetica, sans-serif\">Ce Pendentif fait partie de la collection Florale. Il a \u00e9t\u00e9 enti\u00e8rement r\u00e9alis\u00e9 et grav\u00e9 \u00e0 la main de mani\u00e8re artisanale \u00e0 partir d\u2019un dessin original. En argent 950, il est orn\u00e9 d\u2019une Tourmaline. C\u2019est un bijou unique qui ne sera pas reproduit. Vous pouvez d\u00e9couvrir son histoire sur mon compte Instagram. Ce bijou est l\u00e9ger et robuste. Si vous en prenez soin, il traversera le temps aupr\u00e8s de vous\u2026<\/span><\/p>\n<p>This pendant comes with a 40cm silver chain. This is not the same chain as the photo.<\/p>\n<p>This jewel is eligible for the payment plan, do not hesitate to contact me for more details!<\/p>\n<p><span style=\"font-family: arial, helvetica, sans-serif\">\u2022\u2022\u2022\u2022\u2022\u2022\u2022\u2022\u2022\u2022\u2022\u2022<\/span><\/p>\n<p><span style=\"font-family: arial, helvetica, sans-serif\">I invite you to read the general conditions of sale. I am at your disposal for any additional question!<\/span><\/p>\n<p><span style=\"font-family: arial, helvetica, sans-serif\"><strong>Internationnal Customers:<\/strong> The configuration of this website does not convert currency. Nevertheless, you can order from all over the world if your credit card allows it ? You will then have to convert your currency during your purchase to know the amount, but the transaction will be done in \u20ac. The price of the international shipment is defined according to your region. You can know it when ordering. Thanks for your understanding.<\/span><\/p>","protected":false},"featured_media":5030,"template":"","meta":[],"product_brand":[],"product_cat":[19,23],"product_tag":[],"class_list":{"0":"post-5164","1":"product","2":"type-product","3":"status-publish","4":"has-post-thumbnail","6":"product_cat-colliers-pendentifs","7":"product_cat-nouveautes","9":"first","10":"outofstock","11":"virtual","12":"purchasable","13":"product-type-simple"},"jetpack_sharing_enabled":true,"_links":{"self":[{"href":"https:\/\/azetama.fr\/en\/wp-json\/wp\/v2\/product\/5164","targetHints":{"allow":["GET"]}}],"collection":[{"href":"https:\/\/azetama.fr\/en\/wp-json\/wp\/v2\/product"}],"about":[{"href":"https:\/\/azetama.fr\/en\/wp-json\/wp\/v2\/types\/product"}],"version-history":[{"count":2,"href":"https:\/\/azetama.fr\/en\/wp-json\/wp\/v2\/product\/5164\/revisions"}],"predecessor-version":[{"id":5180,"href":"https:\/\/azetama.fr\/en\/wp-json\/wp\/v2\/product\/5164\/revisions\/5180"}],"wp:featuredmedia":[{"embeddable":true,"href":"https:\/\/azetama.fr\/en\/wp-json\/wp\/v2\/media\/5030"}],"wp:attachment":[{"href":"https:\/\/azetama.fr\/en\/wp-json\/wp\/v2\/media?parent=5164"}],"wp:term":[{"taxonomy":"product_brand","embeddable":true,"href":"https:\/\/azetama.fr\/en\/wp-json\/wp\/v2\/product_brand?post=5164"},{"taxonomy":"product_cat","embeddable":true,"href":"https:\/\/azetama.fr\/en\/wp-json\/wp\/v2\/product_cat?post=5164"},{"taxonomy":"product_tag","embeddable":true,"href":"https:\/\/azetama.fr\/en\/wp-json\/wp\/v2\/product_tag?post=5164"}],"curies":[{"name":"wp","href":"https:\/\/api.w.org\/{rel}","templated":true}]}}