{"id":5198,"date":"2022-07-02T09:17:13","date_gmt":"2022-07-02T07:17:13","guid":{"rendered":"https:\/\/azetama.fr\/?post_type=product&#038;p=5198"},"modified":"2022-07-03T16:51:54","modified_gmt":"2022-07-03T14:51:54","slug":"gaia-eye","status":"publish","type":"product","link":"https:\/\/azetama.fr\/en\/product\/gaia-eye\/","title":{"rendered":"\u3030\ufe0f Ga\u00efa Eye \u3030\ufe0f"},"content":{"rendered":"<div data-elementor-type=\"wp-post\" data-elementor-id=\"5198\" class=\"elementor elementor-5198\">\n\t\t\t\t\t\t<section class=\"elementor-section elementor-top-section elementor-element elementor-element-48fb86cd elementor-section-boxed elementor-section-height-default elementor-section-height-default\" data-id=\"48fb86cd\" data-element_type=\"section\" data-e-type=\"section\">\n\t\t\t\t\t\t<div class=\"elementor-container elementor-column-gap-default\">\n\t\t\t\t\t<div class=\"elementor-column elementor-col-100 elementor-top-column elementor-element elementor-element-445f8491\" data-id=\"445f8491\" data-element_type=\"column\" data-e-type=\"column\">\n\t\t\t<div class=\"elementor-widget-wrap elementor-element-populated\">\n\t\t\t\t\t\t<div class=\"elementor-element elementor-element-4a0d024 elementor-arrows-position-inside elementor-pagination-position-outside elementor-widget elementor-widget-image-carousel\" data-id=\"4a0d024\" data-element_type=\"widget\" data-e-type=\"widget\" data-settings=\"{&quot;slides_to_show&quot;:&quot;2&quot;,&quot;navigation&quot;:&quot;both&quot;,&quot;autoplay&quot;:&quot;yes&quot;,&quot;pause_on_hover&quot;:&quot;yes&quot;,&quot;pause_on_interaction&quot;:&quot;yes&quot;,&quot;autoplay_speed&quot;:5000,&quot;infinite&quot;:&quot;yes&quot;,&quot;speed&quot;:500}\" data-widget_type=\"image-carousel.default\">\n\t\t\t\t<div class=\"elementor-widget-container\">\n\t\t\t\t\t\t\t<div class=\"elementor-image-carousel-wrapper swiper\" role=\"region\" aria-roledescription=\"carousel\" aria-label=\"Image Carousel\" dir=\"ltr\">\n\t\t\t<div class=\"elementor-image-carousel swiper-wrapper\" aria-live=\"off\">\n\t\t\t\t\t\t\t\t<div class=\"swiper-slide\" role=\"group\" aria-roledescription=\"slide\" aria-label=\"1 of 7\"><figure class=\"swiper-slide-inner\"><img decoding=\"async\" class=\"swiper-slide-image\" src=\"https:\/\/i0.wp.com\/azetama.fr\/wp-content\/uploads\/2022\/07\/E5331BDF-9246-4861-9188-8E7D9C0D147A.jpeg?fit=768%2C768&amp;ssl=1\" alt=\"E5331BDF-9246-4861-9188-8E7D9C0D147A\" \/><\/figure><\/div><div class=\"swiper-slide\" role=\"group\" aria-roledescription=\"slide\" aria-label=\"2 of 7\"><figure class=\"swiper-slide-inner\"><img decoding=\"async\" class=\"swiper-slide-image\" src=\"https:\/\/i0.wp.com\/azetama.fr\/wp-content\/uploads\/2022\/07\/52839272-6176-4407-913B-7BA43F6CD030.jpeg?fit=768%2C767&amp;ssl=1\" alt=\"52839272-6176-4407-913B-7BA43F6CD030\" \/><\/figure><\/div><div class=\"swiper-slide\" role=\"group\" aria-roledescription=\"slide\" aria-label=\"3 of 7\"><figure class=\"swiper-slide-inner\"><img decoding=\"async\" class=\"swiper-slide-image\" src=\"https:\/\/i0.wp.com\/azetama.fr\/wp-content\/uploads\/2022\/07\/1C970552-CCBF-4938-8E29-FE24ACF0339A.jpeg?fit=768%2C768&amp;ssl=1\" alt=\"1C970552-CCBF-4938-8E29-FE24ACF0339A\" \/><\/figure><\/div><div class=\"swiper-slide\" role=\"group\" aria-roledescription=\"slide\" aria-label=\"4 of 7\"><figure class=\"swiper-slide-inner\"><img decoding=\"async\" class=\"swiper-slide-image\" src=\"https:\/\/i0.wp.com\/azetama.fr\/wp-content\/uploads\/2022\/07\/B7ECB99A-DABD-4E24-A568-A7B8BC9639C8.jpeg?fit=768%2C767&amp;ssl=1\" alt=\"B7ECB99A-DABD-4E24-A568-A7B8BC9639C8\" \/><\/figure><\/div><div class=\"swiper-slide\" role=\"group\" aria-roledescription=\"slide\" aria-label=\"5 of 7\"><figure class=\"swiper-slide-inner\"><img decoding=\"async\" class=\"swiper-slide-image\" src=\"https:\/\/i0.wp.com\/azetama.fr\/wp-content\/uploads\/2022\/07\/F7242352-2F9F-42B1-980C-D91A98ECD1D0.jpeg?fit=768%2C768&amp;ssl=1\" alt=\"F7242352-2F9F-42B1-980C-D91A98ECD1D0\" \/><\/figure><\/div><div class=\"swiper-slide\" role=\"group\" aria-roledescription=\"slide\" aria-label=\"6 of 7\"><figure class=\"swiper-slide-inner\"><img decoding=\"async\" class=\"swiper-slide-image\" src=\"https:\/\/i0.wp.com\/azetama.fr\/wp-content\/uploads\/2022\/07\/4E39B009-C95A-4968-9E2E-70C743EB9FBB.jpeg?fit=768%2C768&amp;ssl=1\" alt=\"4E39B009-C95A-4968-9E2E-70C743EB9FBB\" \/><\/figure><\/div><div class=\"swiper-slide\" role=\"group\" aria-roledescription=\"slide\" aria-label=\"7 of 7\"><figure class=\"swiper-slide-inner\"><img decoding=\"async\" class=\"swiper-slide-image\" src=\"https:\/\/i0.wp.com\/azetama.fr\/wp-content\/uploads\/2022\/07\/6715D419-B647-40FE-BCB4-00ACA516E95E.jpeg?fit=768%2C768&amp;ssl=1\" alt=\"6715D419-B647-40FE-BCB4-00ACA516E95E\" \/><\/figure><\/div>\t\t\t<\/div>\n\t\t\t\t\t\t\t\t\t\t\t\t<div class=\"elementor-swiper-button elementor-swiper-button-prev\" role=\"button\" tabindex=\"0\">\n\t\t\t\t\t\t<i aria-hidden=\"true\" class=\"eicon-chevron-left\"><\/i>\t\t\t\t\t<\/div>\n\t\t\t\t\t<div class=\"elementor-swiper-button elementor-swiper-button-next\" role=\"button\" tabindex=\"0\">\n\t\t\t\t\t\t<i aria-hidden=\"true\" class=\"eicon-chevron-right\"><\/i>\t\t\t\t\t<\/div>\n\t\t\t\t\n\t\t\t\t\t\t\t\t\t<div class=\"swiper-pagination\"><\/div>\n\t\t\t\t\t\t\t\t\t<\/div>\n\t\t\t\t\t\t<\/div>\n\t\t\t\t<\/div>\n\t\t\t\t\t<\/div>\n\t\t<\/div>\n\t\t\t\t\t<\/div>\n\t\t<\/section>\n\t\t\t\t<\/div>","protected":false},"excerpt":{"rendered":"<p><span style=\"font-family: arial, helvetica, sans-serif;\">Le Pendentif Oeil de Ga\u00efa a \u00e9t\u00e9 enti\u00e8rement r\u00e9alis\u00e9 et grav\u00e9 \u00e0 la main de mani\u00e8re artisanale \u00e0 partir d\u2019un dessin original. En argent 950, il est orn\u00e9 d\u2019un Rubis Fushite et de deux Tourmalines. Deux touches de laiton viennent d\u00e9corer les bords de l\u2019oeil. C\u2019est un bijou unique qui ne sera pas reproduit. Vous pouvez d\u00e9couvrir son histoire sur mon compte Instagram. Ce bijou est l\u00e9ger et robuste. Si vous en prenez soin, il traversera le temps aupr\u00e8s de vous\u2026<\/span><\/p>\n<p>This pendant comes with a 40cm silver chain. This is not the same chain as the photo.<\/p>\n<p><span style=\"font-family: arial, helvetica, sans-serif;\">\u2022\u2022\u2022\u2022\u2022\u2022\u2022\u2022\u2022\u2022\u2022\u2022<\/span><\/p>\n<p><span style=\"font-family: arial, helvetica, sans-serif;\">I invite you to read the general conditions of sale. I am at your disposal for any additional question!<\/span><\/p>\n<p><strong>Internationnal Customers:<\/strong> The configuration of this website does not convert currency. Nevertheless, you can order from all over the world if your credit card allows it. You will then have to convert your currency during your purchase to know the amount, but the transaction will be done in \u20ac. The price of the international shipment is defined according to your region. You can know it when ordering. Thanks you!<\/p>","protected":false},"featured_media":5197,"template":"","meta":[],"product_brand":[],"product_cat":[19,23],"product_tag":[],"class_list":{"0":"post-5198","1":"product","2":"type-product","3":"status-publish","4":"has-post-thumbnail","6":"product_cat-colliers-pendentifs","7":"product_cat-nouveautes","9":"first","10":"outofstock","11":"purchasable","12":"product-type-simple"},"jetpack_sharing_enabled":true,"_links":{"self":[{"href":"https:\/\/azetama.fr\/en\/wp-json\/wp\/v2\/product\/5198","targetHints":{"allow":["GET"]}}],"collection":[{"href":"https:\/\/azetama.fr\/en\/wp-json\/wp\/v2\/product"}],"about":[{"href":"https:\/\/azetama.fr\/en\/wp-json\/wp\/v2\/types\/product"}],"version-history":[{"count":6,"href":"https:\/\/azetama.fr\/en\/wp-json\/wp\/v2\/product\/5198\/revisions"}],"predecessor-version":[{"id":5210,"href":"https:\/\/azetama.fr\/en\/wp-json\/wp\/v2\/product\/5198\/revisions\/5210"}],"wp:featuredmedia":[{"embeddable":true,"href":"https:\/\/azetama.fr\/en\/wp-json\/wp\/v2\/media\/5197"}],"wp:attachment":[{"href":"https:\/\/azetama.fr\/en\/wp-json\/wp\/v2\/media?parent=5198"}],"wp:term":[{"taxonomy":"product_brand","embeddable":true,"href":"https:\/\/azetama.fr\/en\/wp-json\/wp\/v2\/product_brand?post=5198"},{"taxonomy":"product_cat","embeddable":true,"href":"https:\/\/azetama.fr\/en\/wp-json\/wp\/v2\/product_cat?post=5198"},{"taxonomy":"product_tag","embeddable":true,"href":"https:\/\/azetama.fr\/en\/wp-json\/wp\/v2\/product_tag?post=5198"}],"curies":[{"name":"wp","href":"https:\/\/api.w.org\/{rel}","templated":true}]}}