{"id":5644,"date":"2022-12-06T13:24:27","date_gmt":"2022-12-06T11:24:27","guid":{"rendered":"https:\/\/azetama.fr\/produit\/carte-cadeau\/"},"modified":"2026-02-11T16:06:23","modified_gmt":"2026-02-11T14:06:23","slug":"carte-cadeau","status":"publish","type":"product","link":"https:\/\/azetama.fr\/en\/product\/carte-cadeau\/","title":{"rendered":"Gift Card &#8211; Carte Cadeau"},"content":{"rendered":"","protected":false},"excerpt":{"rendered":"<p><strong>This gift card to offer is valid throughout the shop:<\/strong><\/p>\n<ul>\n<li>Choose the amount of the desired gift card<\/li>\n<li>Then enter your email address in the \"To\" field<\/li>\n<li>Your first and last name in the \"From\" field\nYou can add a note or message to your reception email \/ Optional<br \/>\n<strong>A first \"Gift Card\" code will be sent to you by e-mail.<\/strong><br \/>\n<strong>Ensuite, Sous 1 \u00e0 2 jours ouvr\u00e9s, vous recevrez sur votre boite mail votre Gift Card au format haute qualit\u00e9 .jpeg que vous pourrez imprimer pour l\u2019offrir. Si vous\u00a0<\/strong><b>pr\u00e9f\u00e9rez le recevoir par la poste\u00a0n&rsquo;h\u00e9sitez pas \u00e0 me laisser une note!<\/b><\/li>\n<\/ul>\n<p>&nbsp;<\/p>\n<p>&nbsp;<\/p>","protected":false},"featured_media":5656,"template":"","meta":[],"product_brand":[],"product_cat":[33],"product_tag":[],"class_list":{"0":"post-5644","1":"product","2":"type-product","3":"status-publish","4":"has-post-thumbnail","6":"product_cat-gift-card","8":"first","9":"outofstock","10":"sold-individually","11":"purchasable","12":"product-type-simple"},"jetpack_sharing_enabled":true,"_links":{"self":[{"href":"https:\/\/azetama.fr\/en\/wp-json\/wp\/v2\/product\/5644","targetHints":{"allow":["GET"]}}],"collection":[{"href":"https:\/\/azetama.fr\/en\/wp-json\/wp\/v2\/product"}],"about":[{"href":"https:\/\/azetama.fr\/en\/wp-json\/wp\/v2\/types\/product"}],"version-history":[{"count":10,"href":"https:\/\/azetama.fr\/en\/wp-json\/wp\/v2\/product\/5644\/revisions"}],"predecessor-version":[{"id":6479,"href":"https:\/\/azetama.fr\/en\/wp-json\/wp\/v2\/product\/5644\/revisions\/6479"}],"wp:featuredmedia":[{"embeddable":true,"href":"https:\/\/azetama.fr\/en\/wp-json\/wp\/v2\/media\/5656"}],"wp:attachment":[{"href":"https:\/\/azetama.fr\/en\/wp-json\/wp\/v2\/media?parent=5644"}],"wp:term":[{"taxonomy":"product_brand","embeddable":true,"href":"https:\/\/azetama.fr\/en\/wp-json\/wp\/v2\/product_brand?post=5644"},{"taxonomy":"product_cat","embeddable":true,"href":"https:\/\/azetama.fr\/en\/wp-json\/wp\/v2\/product_cat?post=5644"},{"taxonomy":"product_tag","embeddable":true,"href":"https:\/\/azetama.fr\/en\/wp-json\/wp\/v2\/product_tag?post=5644"}],"curies":[{"name":"wp","href":"https:\/\/api.w.org\/{rel}","templated":true}]}}