{"id":5753,"date":"2023-01-11T13:10:21","date_gmt":"2023-01-11T11:10:21","guid":{"rendered":"https:\/\/azetama.fr\/?post_type=product&#038;p=5753"},"modified":"2023-02-05T10:38:10","modified_gmt":"2023-02-05T08:38:10","slug":"soleilonyx","status":"publish","type":"product","link":"https:\/\/azetama.fr\/en\/product\/soleilonyx\/","title":{"rendered":"From the dark light is born"},"content":{"rendered":"<div data-elementor-type=\"wp-post\" data-elementor-id=\"5753\" class=\"elementor elementor-5753\">\n\t\t\t\t\t\t<section class=\"elementor-section elementor-top-section elementor-element elementor-element-e7c50e4 elementor-section-boxed elementor-section-height-default elementor-section-height-default\" data-id=\"e7c50e4\" data-element_type=\"section\" data-e-type=\"section\">\n\t\t\t\t\t\t<div class=\"elementor-container elementor-column-gap-default\">\n\t\t\t\t\t<div class=\"elementor-column elementor-col-100 elementor-top-column elementor-element elementor-element-25a8f91\" data-id=\"25a8f91\" data-element_type=\"column\" data-e-type=\"column\">\n\t\t\t<div class=\"elementor-widget-wrap\">\n\t\t\t\t\t\t\t<\/div>\n\t\t<\/div>\n\t\t\t\t\t<\/div>\n\t\t<\/section>\n\t\t\t\t<section class=\"elementor-section elementor-top-section elementor-element elementor-element-94392f1 elementor-section-boxed elementor-section-height-default elementor-section-height-default\" data-id=\"94392f1\" data-element_type=\"section\" data-e-type=\"section\">\n\t\t\t\t\t\t<div class=\"elementor-container elementor-column-gap-default\">\n\t\t\t\t\t<div class=\"elementor-column elementor-col-100 elementor-top-column elementor-element elementor-element-d7fc840\" data-id=\"d7fc840\" data-element_type=\"column\" data-e-type=\"column\">\n\t\t\t<div class=\"elementor-widget-wrap elementor-element-populated\">\n\t\t\t\t\t\t<div class=\"elementor-element elementor-element-af786bd elementor-arrows-position-inside elementor-pagination-position-outside elementor-widget elementor-widget-image-carousel\" data-id=\"af786bd\" data-element_type=\"widget\" data-e-type=\"widget\" data-settings=\"{&quot;slides_to_show&quot;:&quot;2&quot;,&quot;navigation&quot;:&quot;both&quot;,&quot;autoplay&quot;:&quot;yes&quot;,&quot;pause_on_hover&quot;:&quot;yes&quot;,&quot;pause_on_interaction&quot;:&quot;yes&quot;,&quot;autoplay_speed&quot;:5000,&quot;infinite&quot;:&quot;yes&quot;,&quot;speed&quot;:500}\" data-widget_type=\"image-carousel.default\">\n\t\t\t\t<div class=\"elementor-widget-container\">\n\t\t\t\t\t\t\t<div class=\"elementor-image-carousel-wrapper swiper\" role=\"region\" aria-roledescription=\"carousel\" aria-label=\"Image Carousel\" dir=\"ltr\">\n\t\t\t<div class=\"elementor-image-carousel swiper-wrapper\" aria-live=\"off\">\n\t\t\t\t\t\t\t\t<div class=\"swiper-slide\" role=\"group\" aria-roledescription=\"slide\" aria-label=\"1 sur 7\" data-no-translation-aria-label=\"\"><figure class=\"swiper-slide-inner\"><img decoding=\"async\" class=\"swiper-slide-image\" src=\"https:\/\/i0.wp.com\/azetama.fr\/wp-content\/uploads\/2023\/01\/45A90205-F48F-4150-8B9D-61D08F7FA899.jpeg?fit=768%2C948&amp;ssl=1\" alt=\"45A90205-F48F-4150-8B9D-61D08F7FA899\" \/><\/figure><\/div><div class=\"swiper-slide\" role=\"group\" aria-roledescription=\"slide\" aria-label=\"2 sur 7\" data-no-translation-aria-label=\"\"><figure class=\"swiper-slide-inner\"><img decoding=\"async\" class=\"swiper-slide-image\" src=\"https:\/\/i0.wp.com\/azetama.fr\/wp-content\/uploads\/2023\/01\/A988DDE1-5FF4-416D-84AF-655EA548759F.jpeg?fit=768%2C948&amp;ssl=1\" alt=\"A988DDE1-5FF4-416D-84AF-655EA548759F\" \/><\/figure><\/div><div class=\"swiper-slide\" role=\"group\" aria-roledescription=\"slide\" aria-label=\"3 sur 7\" data-no-translation-aria-label=\"\"><figure class=\"swiper-slide-inner\"><img decoding=\"async\" class=\"swiper-slide-image\" src=\"https:\/\/i0.wp.com\/azetama.fr\/wp-content\/uploads\/2023\/01\/612092E4-3651-497C-A4DF-683B7D5CE469.jpeg?fit=768%2C948&amp;ssl=1\" alt=\"612092E4-3651-497C-A4DF-683B7D5CE469\" \/><\/figure><\/div><div class=\"swiper-slide\" role=\"group\" aria-roledescription=\"slide\" aria-label=\"4 sur 7\" data-no-translation-aria-label=\"\"><figure class=\"swiper-slide-inner\"><img decoding=\"async\" class=\"swiper-slide-image\" src=\"https:\/\/i0.wp.com\/azetama.fr\/wp-content\/uploads\/2023\/01\/32DBBA73-43B8-45C4-AD36-731FB66810DF.jpeg?fit=768%2C948&amp;ssl=1\" alt=\"32DBBA73-43B8-45C4-AD36-731FB66810DF\" \/><\/figure><\/div><div class=\"swiper-slide\" role=\"group\" aria-roledescription=\"slide\" aria-label=\"5 sur 7\" data-no-translation-aria-label=\"\"><figure class=\"swiper-slide-inner\"><img decoding=\"async\" class=\"swiper-slide-image\" src=\"https:\/\/i0.wp.com\/azetama.fr\/wp-content\/uploads\/2023\/01\/F1ADFD90-F968-4C13-8B59-A661A32E5BEB.jpeg?fit=768%2C948&amp;ssl=1\" alt=\"F1ADFD90-F968-4C13-8B59-A661A32E5BEB\" \/><\/figure><\/div><div class=\"swiper-slide\" role=\"group\" aria-roledescription=\"slide\" aria-label=\"6 sur 7\" data-no-translation-aria-label=\"\"><figure class=\"swiper-slide-inner\"><img decoding=\"async\" class=\"swiper-slide-image\" src=\"https:\/\/i0.wp.com\/azetama.fr\/wp-content\/uploads\/2023\/01\/111A3C08-B74A-460C-88AC-804516740EC2.jpeg?fit=768%2C948&amp;ssl=1\" alt=\"111A3C08-B74A-460C-88AC-804516740EC2\" \/><\/figure><\/div><div class=\"swiper-slide\" role=\"group\" aria-roledescription=\"slide\" aria-label=\"7 sur 7\" data-no-translation-aria-label=\"\"><figure class=\"swiper-slide-inner\"><img decoding=\"async\" class=\"swiper-slide-image\" src=\"https:\/\/i0.wp.com\/azetama.fr\/wp-content\/uploads\/2023\/01\/550800E3-F430-4891-A270-390B1780C54E.jpeg?fit=768%2C957&amp;ssl=1\" alt=\"550800E3-F430-4891-A270-390B1780C54E\" \/><\/figure><\/div>\t\t\t<\/div>\n\t\t\t\t\t\t\t\t\t\t\t\t<div class=\"elementor-swiper-button elementor-swiper-button-prev\" role=\"button\" tabindex=\"0\">\n\t\t\t\t\t\t<i aria-hidden=\"true\" class=\"eicon-chevron-left\"><\/i>\t\t\t\t\t<\/div>\n\t\t\t\t\t<div class=\"elementor-swiper-button elementor-swiper-button-next\" role=\"button\" tabindex=\"0\">\n\t\t\t\t\t\t<i aria-hidden=\"true\" class=\"eicon-chevron-right\"><\/i>\t\t\t\t\t<\/div>\n\t\t\t\t\n\t\t\t\t\t\t\t\t\t<div class=\"swiper-pagination\"><\/div>\n\t\t\t\t\t\t\t\t\t<\/div>\n\t\t\t\t\t\t<\/div>\n\t\t\t\t<\/div>\n\t\t\t\t\t<\/div>\n\t\t<\/div>\n\t\t\t\t\t<\/div>\n\t\t<\/section>\n\t\t\t\t<\/div>","protected":false},"excerpt":{"rendered":"<p>Ce Pendentif Talisman \u00e9t\u00e9 enti\u00e8rement r\u00e9alis\u00e9 et grav\u00e9 \u00e0 la main de mani\u00e8re artisanale \u00e0 partir d\u2019une id\u00e9e originale. En argent 925, il est incrust\u00e9 de Laiton et d&rsquo;Onyx et orn\u00e9 d&rsquo;un Cabochon de Citrine.<br \/>\nIt is a unique jewel that will not be reproduced. You can discover his story on my Instagram account. This jewel is light and robust. If you take care of it, it will go through time with you...<\/p>\n<p>Sold with a 925 silver chain of 40cm.<\/p>\n<p>A payment plan is available for this piece. Feel free to ask!<\/p>","protected":false},"featured_media":5748,"template":"","meta":[],"product_brand":[],"product_cat":[19,23],"product_tag":[],"class_list":{"0":"post-5753","1":"product","2":"type-product","3":"status-publish","4":"has-post-thumbnail","6":"product_cat-colliers-pendentifs","7":"product_cat-nouveautes","9":"first","10":"outofstock","11":"sold-individually","12":"purchasable","13":"product-type-simple"},"jetpack_sharing_enabled":true,"_links":{"self":[{"href":"https:\/\/azetama.fr\/en\/wp-json\/wp\/v2\/product\/5753","targetHints":{"allow":["GET"]}}],"collection":[{"href":"https:\/\/azetama.fr\/en\/wp-json\/wp\/v2\/product"}],"about":[{"href":"https:\/\/azetama.fr\/en\/wp-json\/wp\/v2\/types\/product"}],"version-history":[{"count":8,"href":"https:\/\/azetama.fr\/en\/wp-json\/wp\/v2\/product\/5753\/revisions"}],"predecessor-version":[{"id":5765,"href":"https:\/\/azetama.fr\/en\/wp-json\/wp\/v2\/product\/5753\/revisions\/5765"}],"wp:featuredmedia":[{"embeddable":true,"href":"https:\/\/azetama.fr\/en\/wp-json\/wp\/v2\/media\/5748"}],"wp:attachment":[{"href":"https:\/\/azetama.fr\/en\/wp-json\/wp\/v2\/media?parent=5753"}],"wp:term":[{"taxonomy":"product_brand","embeddable":true,"href":"https:\/\/azetama.fr\/en\/wp-json\/wp\/v2\/product_brand?post=5753"},{"taxonomy":"product_cat","embeddable":true,"href":"https:\/\/azetama.fr\/en\/wp-json\/wp\/v2\/product_cat?post=5753"},{"taxonomy":"product_tag","embeddable":true,"href":"https:\/\/azetama.fr\/en\/wp-json\/wp\/v2\/product_tag?post=5753"}],"curies":[{"name":"wp","href":"https:\/\/api.w.org\/{rel}","templated":true}]}}