{"id":9594,"date":"2025-06-24T20:46:55","date_gmt":"2025-06-24T18:46:55","guid":{"rendered":"https:\/\/azetama.fr\/?post_type=product&#038;p=9594"},"modified":"2025-07-11T18:57:27","modified_gmt":"2025-07-11T16:57:27","slug":"tiny-kalimba-2","status":"publish","type":"product","link":"https:\/\/azetama.fr\/en\/product\/tiny-kalimba-2\/","title":{"rendered":"Pendentif Kalimba for Susan last payment"},"content":{"rendered":"<figure><img data-recalc-dims=\"1\" height=\"960\" width=\"768\" decoding=\"async\" src=\"https:\/\/i0.wp.com\/azetama.fr\/wp-content\/uploads\/2025\/06\/IMG_7378.jpeg?resize=768%2C960&#038;ssl=1\" alt=\"IMG_7378\" \/><\/figure>\n<figure><img data-recalc-dims=\"1\" height=\"960\" width=\"768\" decoding=\"async\" src=\"https:\/\/i0.wp.com\/azetama.fr\/wp-content\/uploads\/2025\/06\/IMG_7382.jpeg?resize=768%2C960&#038;ssl=1\" alt=\"IMG_7382\" \/><\/figure>\n<figure><img data-recalc-dims=\"1\" height=\"960\" width=\"768\" decoding=\"async\" src=\"https:\/\/i0.wp.com\/azetama.fr\/wp-content\/uploads\/2025\/06\/IMG_7375.jpeg?resize=768%2C960&#038;ssl=1\" alt=\"IMG_7375\" \/><\/figure>\n<figure><img data-recalc-dims=\"1\" height=\"960\" width=\"768\" decoding=\"async\" src=\"https:\/\/i0.wp.com\/azetama.fr\/wp-content\/uploads\/2025\/06\/IMG_7380.jpeg?resize=768%2C960&#038;ssl=1\" alt=\"IMG_7380\" \/><\/figure>\n<figure><img data-recalc-dims=\"1\" height=\"960\" width=\"768\" decoding=\"async\" src=\"https:\/\/i0.wp.com\/azetama.fr\/wp-content\/uploads\/2025\/06\/IMG_7385.jpeg?resize=768%2C960&#038;ssl=1\" alt=\"IMG_7385\" \/><\/figure>\n<figure><img data-recalc-dims=\"1\" height=\"960\" width=\"768\" decoding=\"async\" src=\"https:\/\/i0.wp.com\/azetama.fr\/wp-content\/uploads\/2025\/06\/IMG_7393.jpeg?resize=768%2C960&#038;ssl=1\" alt=\"IMG_7393\" \/><\/figure>\n<figure><img data-recalc-dims=\"1\" height=\"960\" width=\"768\" decoding=\"async\" src=\"https:\/\/i0.wp.com\/azetama.fr\/wp-content\/uploads\/2025\/06\/IMG_7391.jpeg?resize=768%2C960&#038;ssl=1\" alt=\"IMG_7391\" \/><\/figure>\n<figure><img data-recalc-dims=\"1\" height=\"960\" width=\"768\" decoding=\"async\" src=\"https:\/\/i0.wp.com\/azetama.fr\/wp-content\/uploads\/2025\/06\/IMG_7387.jpeg?resize=768%2C960&#038;ssl=1\" alt=\"IMG_7387\" \/><\/figure>\n<figure><img data-recalc-dims=\"1\" height=\"960\" width=\"768\" decoding=\"async\" src=\"https:\/\/i0.wp.com\/azetama.fr\/wp-content\/uploads\/2025\/06\/IMG_7376.jpeg?resize=768%2C960&#038;ssl=1\" alt=\"IMG_7376\" \/><\/figure>\n<figure><img data-recalc-dims=\"1\" height=\"960\" width=\"768\" decoding=\"async\" src=\"https:\/\/i0.wp.com\/azetama.fr\/wp-content\/uploads\/2025\/06\/IMG_7383.jpeg?resize=768%2C960&#038;ssl=1\" alt=\"IMG_7383\" \/><\/figure>\n<figure><img data-recalc-dims=\"1\" height=\"960\" width=\"768\" decoding=\"async\" src=\"https:\/\/i0.wp.com\/azetama.fr\/wp-content\/uploads\/2025\/06\/IMG_7379.jpeg?resize=768%2C960&#038;ssl=1\" alt=\"IMG_7379\" \/><\/figure>\n<figure><img data-recalc-dims=\"1\" height=\"960\" width=\"768\" decoding=\"async\" src=\"https:\/\/i0.wp.com\/azetama.fr\/wp-content\/uploads\/2025\/06\/IMG_7377.jpeg?resize=768%2C960&#038;ssl=1\" alt=\"IMG_7377\" \/><\/figure>\n<figure><img data-recalc-dims=\"1\" height=\"960\" width=\"768\" decoding=\"async\" src=\"https:\/\/i0.wp.com\/azetama.fr\/wp-content\/uploads\/2025\/06\/IMG_7386.jpeg?resize=768%2C960&#038;ssl=1\" alt=\"IMG_7386\" \/><\/figure>\n<figure><img data-recalc-dims=\"1\" height=\"960\" width=\"768\" decoding=\"async\" src=\"https:\/\/i0.wp.com\/azetama.fr\/wp-content\/uploads\/2025\/06\/IMG_7389.jpeg?resize=768%2C960&#038;ssl=1\" alt=\"IMG_7389\" \/><\/figure>\n<figure><img data-recalc-dims=\"1\" height=\"960\" width=\"768\" decoding=\"async\" src=\"https:\/\/i0.wp.com\/azetama.fr\/wp-content\/uploads\/2025\/06\/IMG_7381.jpeg?resize=768%2C960&#038;ssl=1\" alt=\"IMG_7381\" \/><\/figure>","protected":false},"excerpt":{"rendered":"<p>This is the last payment of 50% of the price for the Kalimba pendant for Susan (shipping already paid)<\/p>\n<p>Thank you for your payment!<\/p>\n<p>Metal : Sterling Silver<br \/>\nWeight : 14,5 gr<br \/>\nHeight : 3,5 cm<br \/>\nLargeur : &nbsp;2,5 cm<\/p>\n<p><span style=\"font-family: arial, helvetica, sans-serif\">Ce Pendentif Kalimba sonore a \u00e9t\u00e9 enti\u00e8rement dessin\u00e9, r\u00e9alis\u00e9 et grav\u00e9 \u00e0 la main de mani\u00e8re artisanale \u00e0 partir d\u2019une id\u00e9e originale. Il est enti\u00e8rement en Argent 925 et est orn\u00e9 d\u2019une Onyx. Ce bijou n\u2019est pas un instrument \u00ab&nbsp;accord\u00e9, ni accordable&nbsp;\u00bb, il s\u2019agit plut\u00f4t d\u2019un Talisman. Cependant, une belle sonorit\u00e9 est audible lorsqu\u2019elle est jou\u00e9e. C\u2019est un vrai Talisman musical jouable en toutes occasions.<\/span><br \/>\n<span style=\"font-family: arial, helvetica, sans-serif\">It is a unique jewel that will not be reproduced. You can discover his story on my Instagram account. This jewel is light and robust. If you take care of it, it will go through time with you...<\/span><\/p>\n<p><span style=\"font-family: arial, helvetica, sans-serif\">The Kalimba comes with a 40cm curb chain (This is not the same chain as in the photo)<\/span><\/p>\n<p><span style=\"font-family: arial, helvetica, sans-serif\">A payment plan is available for this piece. Feel free to ask!<\/span><\/p>","protected":false},"featured_media":9575,"template":"","meta":[],"product_brand":[],"product_cat":[19],"product_tag":[],"class_list":{"0":"post-9594","1":"product","2":"type-product","3":"status-publish","4":"has-post-thumbnail","6":"product_cat-colliers-pendentifs","8":"first","9":"outofstock","10":"virtual","11":"purchasable","12":"product-type-simple"},"jetpack_sharing_enabled":true,"_links":{"self":[{"href":"https:\/\/azetama.fr\/en\/wp-json\/wp\/v2\/product\/9594","targetHints":{"allow":["GET"]}}],"collection":[{"href":"https:\/\/azetama.fr\/en\/wp-json\/wp\/v2\/product"}],"about":[{"href":"https:\/\/azetama.fr\/en\/wp-json\/wp\/v2\/types\/product"}],"version-history":[{"count":2,"href":"https:\/\/azetama.fr\/en\/wp-json\/wp\/v2\/product\/9594\/revisions"}],"predecessor-version":[{"id":9662,"href":"https:\/\/azetama.fr\/en\/wp-json\/wp\/v2\/product\/9594\/revisions\/9662"}],"wp:featuredmedia":[{"embeddable":true,"href":"https:\/\/azetama.fr\/en\/wp-json\/wp\/v2\/media\/9575"}],"wp:attachment":[{"href":"https:\/\/azetama.fr\/en\/wp-json\/wp\/v2\/media?parent=9594"}],"wp:term":[{"taxonomy":"product_brand","embeddable":true,"href":"https:\/\/azetama.fr\/en\/wp-json\/wp\/v2\/product_brand?post=9594"},{"taxonomy":"product_cat","embeddable":true,"href":"https:\/\/azetama.fr\/en\/wp-json\/wp\/v2\/product_cat?post=9594"},{"taxonomy":"product_tag","embeddable":true,"href":"https:\/\/azetama.fr\/en\/wp-json\/wp\/v2\/product_tag?post=9594"}],"curies":[{"name":"wp","href":"https:\/\/api.w.org\/{rel}","templated":true}]}}