{"id":9987,"date":"2025-10-09T16:19:14","date_gmt":"2025-10-09T14:19:14","guid":{"rendered":"https:\/\/azetama.fr\/?post_type=product&#038;p=9987"},"modified":"2025-10-27T14:10:09","modified_gmt":"2025-10-27T12:10:09","slug":"pourhelene","status":"publish","type":"product","link":"https:\/\/azetama.fr\/en\/product\/pourhelene\/","title":{"rendered":"Commande personnalis\u00e9e pour H\u00e9l\u00e8ne"},"content":{"rendered":"","protected":false},"excerpt":{"rendered":"<p>Ceci est le dernier paiement pour la commande personnalis\u00e9e d\u2019un pendentif pour H\u00e9l\u00e8ne.<\/p>\n<p>D\u00e9tails:<\/p>\n<p>R\u00e9alisation de votre pendentif incluant 3 croquis perfectibles = 252 \u20ac<\/p>\n<p>Envoi = 7\u20ac<\/p>\n<p>Total = 259 \u20ac<\/p>\n<p>Une cha\u00eene de 40 cm en argent 925 vous est offerte avec cette commande.<\/p>\n<p>le premier d\u00e9p\u00f4t \u00e9tait de 130\u20ac<\/p>\n<p>Ce dernier payment sera de <strong>139\u20ac<\/strong> (Suppl\u00e9ment de 10\u20ac pour le mat\u00e9riel du serti et de la Spinelle)<\/p>\n<p>Merci pour votre paiement!<\/p>\n<p>\u2014\u2014\u2014\u2014\u2013<\/p>\n<p>Je vous invite \u00e0 lire mes conditions de vente<\/p>\n<p>&nbsp;<\/p>\n<p>&nbsp;<\/p>","protected":false},"featured_media":7006,"template":"","meta":[],"product_brand":[],"product_cat":[19],"product_tag":[],"class_list":{"0":"post-9987","1":"product","2":"type-product","3":"status-publish","4":"has-post-thumbnail","6":"product_cat-colliers-pendentifs","8":"first","9":"outofstock","10":"virtual","11":"purchasable","12":"product-type-simple"},"jetpack_sharing_enabled":true,"_links":{"self":[{"href":"https:\/\/azetama.fr\/en\/wp-json\/wp\/v2\/product\/9987","targetHints":{"allow":["GET"]}}],"collection":[{"href":"https:\/\/azetama.fr\/en\/wp-json\/wp\/v2\/product"}],"about":[{"href":"https:\/\/azetama.fr\/en\/wp-json\/wp\/v2\/types\/product"}],"version-history":[{"count":2,"href":"https:\/\/azetama.fr\/en\/wp-json\/wp\/v2\/product\/9987\/revisions"}],"predecessor-version":[{"id":9995,"href":"https:\/\/azetama.fr\/en\/wp-json\/wp\/v2\/product\/9987\/revisions\/9995"}],"wp:featuredmedia":[{"embeddable":true,"href":"https:\/\/azetama.fr\/en\/wp-json\/wp\/v2\/media\/7006"}],"wp:attachment":[{"href":"https:\/\/azetama.fr\/en\/wp-json\/wp\/v2\/media?parent=9987"}],"wp:term":[{"taxonomy":"product_brand","embeddable":true,"href":"https:\/\/azetama.fr\/en\/wp-json\/wp\/v2\/product_brand?post=9987"},{"taxonomy":"product_cat","embeddable":true,"href":"https:\/\/azetama.fr\/en\/wp-json\/wp\/v2\/product_cat?post=9987"},{"taxonomy":"product_tag","embeddable":true,"href":"https:\/\/azetama.fr\/en\/wp-json\/wp\/v2\/product_tag?post=9987"}],"curies":[{"name":"wp","href":"https:\/\/api.w.org\/{rel}","templated":true}]}}